{"id":464,"date":"2000-02-07T00:00:00","date_gmt":"2000-02-07T00:00:00","guid":{"rendered":"https:\/\/miners.rocks\/product\/68\/"},"modified":"2020-05-19T16:55:30","modified_gmt":"2020-05-19T16:55:30","slug":"variscit-gro%ef%ac%82pierre-brute","status":"publish","type":"product","link":"https:\/\/westgem.shop\/fr\/produit\/variscit-gro%ef%ac%82pierre-brute\/","title":{"rendered":"VARISCIT - Grande pierre brute"},"content":{"rendered":"<p>La VARISCITE n'a cependant rien de commun avec le v\u00e9ritable min\u00e9ral T\u00dcRKIS (min\u00e9ral de cuivre).<\/p>\n<p>L'autre nom de VARISCIT est aussi UTAHLITH<\/p>\n<p>Ce min\u00e9ral se forme dans les fissures et comme remplissage de cavit\u00e9s dans les roches riches en ALUMINIUM. Il est \"gras\" au toucher et poss\u00e8de un \u00e9clat de cire.<\/p>\n<p>Lieu de d\u00e9couverte : Light Claim -Lontree -Utah -USA<\/p>\n<p>Poids : 3.92 kg Dimensions : 21 x 16 x 15 cm<\/p>\n<p>Autre nom \u00e9galement \"Utahlith \".<br \/>\nSe forme dans les fissures et les cavit\u00e9s remplies de roches riches en aluminium.<\/p>\n<p>Image 1 et 2 en plein soleil - sec.<\/p>\n<p>La 3\u00e8me photo est prise humide, ce qui rend la couleur de la variscite plus intense, ce que l'on obtient \u00e9galement avec un polissage.<\/p>\n<p>Photo 3 :La grande pierre en haut \u00e0 gauche est ici \u00e0 vendre.<\/p>","protected":false},"excerpt":{"rendered":"<p>Aux \u00c9tats-Unis, la VARISCIT est \u00e9galement utilis\u00e9e comme pierre de bijouterie, par exemple pour les boucles de ceinture, les porte-foulards, les pierres de bague... et est propos\u00e9e comme \"turquoise de l'Utah\" - la VARISCIT n'a toutefois rien de commun avec le v\u00e9ritable min\u00e9ral T\u00dcRKIS (min\u00e9ral de cuivre). L'autre nom de la VARISCITE est aussi UTAHLITH Ce min\u00e9ral se forme dans les fissures et comme remplissage de cavit\u00e9s dans les roches riches en ALUMINIUM. Il est \"gras\" au toucher et poss\u00e8de un \u00e9clat de cire. [...]<\/p>","protected":false},"featured_media":465,"template":"","meta":{"_acf_changed":false},"region":[],"product_brand":[],"product_cat":[15],"product_tag":[],"class_list":{"0":"post-464","1":"product","2":"type-product","3":"status-publish","4":"has-post-thumbnail","6":"product_cat-mineralien","8":"first","9":"outofstock","10":"sold-individually","11":"product-type-simple"},"acf":[],"_links":{"self":[{"href":"https:\/\/westgem.shop\/fr\/wp-json\/wp\/v2\/product\/464","targetHints":{"allow":["GET"]}}],"collection":[{"href":"https:\/\/westgem.shop\/fr\/wp-json\/wp\/v2\/product"}],"about":[{"href":"https:\/\/westgem.shop\/fr\/wp-json\/wp\/v2\/types\/product"}],"wp:featuredmedia":[{"embeddable":true,"href":"https:\/\/westgem.shop\/fr\/wp-json\/wp\/v2\/media\/465"}],"wp:attachment":[{"href":"https:\/\/westgem.shop\/fr\/wp-json\/wp\/v2\/media?parent=464"}],"wp:term":[{"taxonomy":"region","embeddable":true,"href":"https:\/\/westgem.shop\/fr\/wp-json\/wp\/v2\/region?post=464"},{"taxonomy":"product_brand","embeddable":true,"href":"https:\/\/westgem.shop\/fr\/wp-json\/wp\/v2\/product_brand?post=464"},{"taxonomy":"product_cat","embeddable":true,"href":"https:\/\/westgem.shop\/fr\/wp-json\/wp\/v2\/product_cat?post=464"},{"taxonomy":"product_tag","embeddable":true,"href":"https:\/\/westgem.shop\/fr\/wp-json\/wp\/v2\/product_tag?post=464"}],"curies":[{"name":"wp","href":"https:\/\/api.w.org\/{rel}","templated":true}]}}