{"id":468,"date":"2000-02-08T00:00:00","date_gmt":"2000-02-08T00:00:00","guid":{"rendered":"https:\/\/miners.rocks\/product\/69\/"},"modified":"2020-05-19T16:55:31","modified_gmt":"2020-05-19T16:55:31","slug":"oiseau-en-pierre-precieuse-sculpte-a-la-main-sur-socle-en-pyrite","status":"publish","type":"product","link":"https:\/\/westgem.shop\/fr\/produit\/oiseau-en-pierre-precieuse-sculpte-a-la-main-sur-socle-en-pyrite\/","title":{"rendered":"Oiseau en pierre pr\u00e9cieuse sculpt\u00e9 sur socle en pyrite"},"content":{"rendered":"<p>La cr\u00eate du cacato\u00e8s est en and\u00e9nopal rose, la queue en aradonite-calcite et le bec en onyx. L'oiseau est pos\u00e9 sur une marche en pyrite Huanzala avec de superbes cristaux.<\/p>\n<p>Toujours une pi\u00e8ce unique-tr\u00e8s d\u00e9corative pour chaque espace de vie.<br \/>\nCorps d'oiseau sculpt\u00e9 dans un morceau de chrysocolle.<\/p>\n<p>Poids : 2 kilogrammes<\/p>\n<p>Dim:Hauteur totale : 23 cm<\/p>","protected":false},"excerpt":{"rendered":"<p>La cr\u00eate du cacato\u00e8s est en and\u00e9nopal rose, la queue en aradonite-calcite et le bec en onyx. L'oiseau est pos\u00e9 sur une marche en pyrite Huanzala avec de superbes cristaux. Toujours une pi\u00e8ce unique-tr\u00e8s d\u00e9corative pour chaque pi\u00e8ce d'habitation. Corps de l'oiseau sculpt\u00e9 dans une seule pi\u00e8ce de chrysocolle. Poids : 2 kilogrammes Dim. : Hauteur totale : 23 cm<\/p>","protected":false},"featured_media":469,"template":"","meta":{"_acf_changed":false},"region":[],"product_brand":[],"product_cat":[15],"product_tag":[],"class_list":{"0":"post-468","1":"product","2":"type-product","3":"status-publish","4":"has-post-thumbnail","6":"product_cat-mineralien","8":"first","9":"outofstock","10":"sold-individually","11":"product-type-simple"},"acf":[],"_links":{"self":[{"href":"https:\/\/westgem.shop\/fr\/wp-json\/wp\/v2\/product\/468","targetHints":{"allow":["GET"]}}],"collection":[{"href":"https:\/\/westgem.shop\/fr\/wp-json\/wp\/v2\/product"}],"about":[{"href":"https:\/\/westgem.shop\/fr\/wp-json\/wp\/v2\/types\/product"}],"wp:featuredmedia":[{"embeddable":true,"href":"https:\/\/westgem.shop\/fr\/wp-json\/wp\/v2\/media\/469"}],"wp:attachment":[{"href":"https:\/\/westgem.shop\/fr\/wp-json\/wp\/v2\/media?parent=468"}],"wp:term":[{"taxonomy":"region","embeddable":true,"href":"https:\/\/westgem.shop\/fr\/wp-json\/wp\/v2\/region?post=468"},{"taxonomy":"product_brand","embeddable":true,"href":"https:\/\/westgem.shop\/fr\/wp-json\/wp\/v2\/product_brand?post=468"},{"taxonomy":"product_cat","embeddable":true,"href":"https:\/\/westgem.shop\/fr\/wp-json\/wp\/v2\/product_cat?post=468"},{"taxonomy":"product_tag","embeddable":true,"href":"https:\/\/westgem.shop\/fr\/wp-json\/wp\/v2\/product_tag?post=468"}],"curies":[{"name":"wp","href":"https:\/\/api.w.org\/{rel}","templated":true}]}}