{"id":472,"date":"2000-02-09T00:00:00","date_gmt":"2000-02-09T00:00:00","guid":{"rendered":"https:\/\/miners.rocks\/product\/70\/"},"modified":"2020-05-19T16:55:31","modified_gmt":"2020-05-19T16:55:31","slug":"hibou-de-neige-sculpte-a-la-main","status":"publish","type":"product","link":"https:\/\/westgem.shop\/fr\/produit\/hibou-de-neige-sculpte-a-la-main\/","title":{"rendered":"Hibou des neiges\" sculpt\u00e9 \u00e0 la main"},"content":{"rendered":"<p>La chouette \u00e9tait d\u00e9j\u00e0 le symbole de la sagesse chez les Grecs de l'Antiquit\u00e9.<\/p>\n<p>D'une seule pi\u00e8ce d'aragonite\/calcite blanche comme la neige (en partie transparente \u00e0 la lumi\u00e8re transmise) sur un socle en pyrite avec des cristaux tr\u00e8s brillants.<\/p>\n<p>Cette gravure attire l'attention dans chaque salon ou bureau.<\/p>\n<p>Poids:2,14 kilogrammes<\/p>\n<p>Dimensions : hauteur totale 22 cm<\/p>","protected":false},"excerpt":{"rendered":"<p>La chouette \u00e9tait d\u00e9j\u00e0 le symbole de la sagesse chez les Grecs de l'Antiquit\u00e9. En un seul morceau d'aragonite\/calcite blanc comme neige (partiellement transparent \u00e0 la lumi\u00e8re transmise) sur un socle en pyrite avec des cristaux brillants. Cette gravure est un point de mire pour chaque salon ou bureau. Poids : 2,14 kilogrammes Dimensions : hauteur totale 22 cm<\/p>","protected":false},"featured_media":473,"template":"","meta":{"_acf_changed":false},"region":[],"product_brand":[],"product_cat":[15],"product_tag":[],"class_list":{"0":"post-472","1":"product","2":"type-product","3":"status-publish","4":"has-post-thumbnail","6":"product_cat-mineralien","8":"first","9":"outofstock","10":"sold-individually","11":"product-type-simple"},"acf":[],"_links":{"self":[{"href":"https:\/\/westgem.shop\/fr\/wp-json\/wp\/v2\/product\/472","targetHints":{"allow":["GET"]}}],"collection":[{"href":"https:\/\/westgem.shop\/fr\/wp-json\/wp\/v2\/product"}],"about":[{"href":"https:\/\/westgem.shop\/fr\/wp-json\/wp\/v2\/types\/product"}],"wp:featuredmedia":[{"embeddable":true,"href":"https:\/\/westgem.shop\/fr\/wp-json\/wp\/v2\/media\/473"}],"wp:attachment":[{"href":"https:\/\/westgem.shop\/fr\/wp-json\/wp\/v2\/media?parent=472"}],"wp:term":[{"taxonomy":"region","embeddable":true,"href":"https:\/\/westgem.shop\/fr\/wp-json\/wp\/v2\/region?post=472"},{"taxonomy":"product_brand","embeddable":true,"href":"https:\/\/westgem.shop\/fr\/wp-json\/wp\/v2\/product_brand?post=472"},{"taxonomy":"product_cat","embeddable":true,"href":"https:\/\/westgem.shop\/fr\/wp-json\/wp\/v2\/product_cat?post=472"},{"taxonomy":"product_tag","embeddable":true,"href":"https:\/\/westgem.shop\/fr\/wp-json\/wp\/v2\/product_tag?post=472"}],"curies":[{"name":"wp","href":"https:\/\/api.w.org\/{rel}","templated":true}]}}