{"id":481,"date":"2000-02-11T00:00:00","date_gmt":"2000-02-11T00:00:00","guid":{"rendered":"https:\/\/miners.rocks\/product\/73\/"},"modified":"2020-05-19T16:55:33","modified_gmt":"2020-05-19T16:55:33","slug":"cuivre-mat","status":"publish","type":"product","link":"https:\/\/westgem.shop\/fr\/produit\/cuivre-mat\/","title":{"rendered":"CUIVRE ,solide"},"content":{"rendered":"<p>Pi\u00e8ces rares provenant de la c\u00e9l\u00e8bre mine de cuivre de \"Copper Country\" dans le Michigan aux Etats-Unis.<\/p>\n<p>Mine de pin blanc<\/p>\n<p>Poids:56 grammes Dim.:6 x 3 x 2 cm<\/p>","protected":false},"excerpt":{"rendered":"<p>Pi\u00e8ces rares provenant de la c\u00e9l\u00e8bre mine de cuivre de \"Copper Country\" dans le Michigan aux Etats-Unis. White Pine Mine Poids:56 grammes Dim.:6 x 3 x 2 cm<\/p>","protected":false},"featured_media":482,"template":"","meta":{"_acf_changed":false},"region":[],"product_brand":[],"product_cat":[15],"product_tag":[],"class_list":{"0":"post-481","1":"product","2":"type-product","3":"status-publish","4":"has-post-thumbnail","6":"product_cat-mineralien","8":"first","9":"outofstock","10":"sold-individually","11":"product-type-simple"},"acf":[],"_links":{"self":[{"href":"https:\/\/westgem.shop\/fr\/wp-json\/wp\/v2\/product\/481","targetHints":{"allow":["GET"]}}],"collection":[{"href":"https:\/\/westgem.shop\/fr\/wp-json\/wp\/v2\/product"}],"about":[{"href":"https:\/\/westgem.shop\/fr\/wp-json\/wp\/v2\/types\/product"}],"wp:featuredmedia":[{"embeddable":true,"href":"https:\/\/westgem.shop\/fr\/wp-json\/wp\/v2\/media\/482"}],"wp:attachment":[{"href":"https:\/\/westgem.shop\/fr\/wp-json\/wp\/v2\/media?parent=481"}],"wp:term":[{"taxonomy":"region","embeddable":true,"href":"https:\/\/westgem.shop\/fr\/wp-json\/wp\/v2\/region?post=481"},{"taxonomy":"product_brand","embeddable":true,"href":"https:\/\/westgem.shop\/fr\/wp-json\/wp\/v2\/product_brand?post=481"},{"taxonomy":"product_cat","embeddable":true,"href":"https:\/\/westgem.shop\/fr\/wp-json\/wp\/v2\/product_cat?post=481"},{"taxonomy":"product_tag","embeddable":true,"href":"https:\/\/westgem.shop\/fr\/wp-json\/wp\/v2\/product_tag?post=481"}],"curies":[{"name":"wp","href":"https:\/\/api.w.org\/{rel}","templated":true}]}}