{"id":487,"date":"2000-02-13T00:00:00","date_gmt":"2000-02-13T00:00:00","guid":{"rendered":"https:\/\/miners.rocks\/product\/76\/"},"modified":"2020-05-19T16:55:33","modified_gmt":"2020-05-19T16:55:33","slug":"plaque-de-fer-de-tigre-polie","status":"publish","type":"product","link":"https:\/\/westgem.shop\/fr\/produit\/plaque-de-fer-de-tigre-polie\/","title":{"rendered":"Fer de tigre -Plaque polie"},"content":{"rendered":"<p>Lieu de d\u00e9couverte du produit brut : Bandet Iron Mine - Afrique du Sud<\/p>\n<p>Veines d'\u0153il de tigre en jaspe brun avec couches de magn\u00e9tite-<br \/>\nune face polie de premi\u00e8re qualit\u00e9<\/p>\n<p>poids : 193 g<\/p>\n<p>Dimensions : 13 x 9 x 0,5 cm<\/p>","protected":false},"excerpt":{"rendered":"<p>Lieu de d\u00e9couverte de la mati\u00e8re premi\u00e8re : Bandet Iron Mine - Afrique du Sud Veines d'\u0153il de tigre dans du jaspe brun avec des couches de magn\u00e9tite - une face polie de premi\u00e8re qualit\u00e9 Poids : 193 g Dimensions : 13 x 9 x 0.5 cm<\/p>","protected":false},"featured_media":488,"template":"","meta":{"_acf_changed":false},"region":[],"product_brand":[],"product_cat":[15],"product_tag":[],"class_list":{"0":"post-487","1":"product","2":"type-product","3":"status-publish","4":"has-post-thumbnail","6":"product_cat-mineralien","8":"first","9":"outofstock","10":"sold-individually","11":"product-type-simple"},"acf":[],"_links":{"self":[{"href":"https:\/\/westgem.shop\/fr\/wp-json\/wp\/v2\/product\/487","targetHints":{"allow":["GET"]}}],"collection":[{"href":"https:\/\/westgem.shop\/fr\/wp-json\/wp\/v2\/product"}],"about":[{"href":"https:\/\/westgem.shop\/fr\/wp-json\/wp\/v2\/types\/product"}],"wp:featuredmedia":[{"embeddable":true,"href":"https:\/\/westgem.shop\/fr\/wp-json\/wp\/v2\/media\/488"}],"wp:attachment":[{"href":"https:\/\/westgem.shop\/fr\/wp-json\/wp\/v2\/media?parent=487"}],"wp:term":[{"taxonomy":"region","embeddable":true,"href":"https:\/\/westgem.shop\/fr\/wp-json\/wp\/v2\/region?post=487"},{"taxonomy":"product_brand","embeddable":true,"href":"https:\/\/westgem.shop\/fr\/wp-json\/wp\/v2\/product_brand?post=487"},{"taxonomy":"product_cat","embeddable":true,"href":"https:\/\/westgem.shop\/fr\/wp-json\/wp\/v2\/product_cat?post=487"},{"taxonomy":"product_tag","embeddable":true,"href":"https:\/\/westgem.shop\/fr\/wp-json\/wp\/v2\/product_tag?post=487"}],"curies":[{"name":"wp","href":"https:\/\/api.w.org\/{rel}","templated":true}]}}