{"id":489,"date":"2000-02-14T00:00:00","date_gmt":"2000-02-14T00:00:00","guid":{"rendered":"https:\/\/miners.rocks\/product\/77\/"},"modified":"2020-05-19T16:55:33","modified_gmt":"2020-05-19T16:55:33","slug":"voyages-en-tigre","status":"publish","type":"product","link":"https:\/\/westgem.shop\/fr\/produit\/voyages-en-tigre\/","title":{"rendered":"Fer Tigre"},"content":{"rendered":"<p>Mine de fer de Bandet - Griqualand -Afrique du Sud<\/p>\n<p>Plaque polie sur une face .<br \/>\nVeines d'\u0153il de tigre avec couches de quartz et de magn\u00e9tite -fortement pli\u00e9es, en jaspe brun<\/p>\n<p>poids : 251 g<\/p>\n<p>Dimensions : 11 x 9 x 1 cm<\/p>","protected":false},"excerpt":{"rendered":"<p>Bandet Iron Mine - Griqualand -Afrique du Sud Plaque polie sur une face . Veines d'oeil de tigre avec couches de quartz et de magn\u00e9tite -fortement pli\u00e9es, dans du jaspe brun Poids : 251 g Dimensions : 11 x 9 x 1 cm<\/p>","protected":false},"featured_media":490,"template":"","meta":{"_acf_changed":false},"region":[],"product_brand":[],"product_cat":[15],"product_tag":[],"class_list":{"0":"post-489","1":"product","2":"type-product","3":"status-publish","4":"has-post-thumbnail","6":"product_cat-mineralien","8":"first","9":"outofstock","10":"sold-individually","11":"product-type-simple"},"acf":[],"_links":{"self":[{"href":"https:\/\/westgem.shop\/fr\/wp-json\/wp\/v2\/product\/489","targetHints":{"allow":["GET"]}}],"collection":[{"href":"https:\/\/westgem.shop\/fr\/wp-json\/wp\/v2\/product"}],"about":[{"href":"https:\/\/westgem.shop\/fr\/wp-json\/wp\/v2\/types\/product"}],"wp:featuredmedia":[{"embeddable":true,"href":"https:\/\/westgem.shop\/fr\/wp-json\/wp\/v2\/media\/490"}],"wp:attachment":[{"href":"https:\/\/westgem.shop\/fr\/wp-json\/wp\/v2\/media?parent=489"}],"wp:term":[{"taxonomy":"region","embeddable":true,"href":"https:\/\/westgem.shop\/fr\/wp-json\/wp\/v2\/region?post=489"},{"taxonomy":"product_brand","embeddable":true,"href":"https:\/\/westgem.shop\/fr\/wp-json\/wp\/v2\/product_brand?post=489"},{"taxonomy":"product_cat","embeddable":true,"href":"https:\/\/westgem.shop\/fr\/wp-json\/wp\/v2\/product_cat?post=489"},{"taxonomy":"product_tag","embeddable":true,"href":"https:\/\/westgem.shop\/fr\/wp-json\/wp\/v2\/product_tag?post=489"}],"curies":[{"name":"wp","href":"https:\/\/api.w.org\/{rel}","templated":true}]}}