{"id":491,"date":"2000-02-15T00:00:00","date_gmt":"2000-02-15T00:00:00","guid":{"rendered":"https:\/\/miners.rocks\/product\/78\/"},"modified":"2020-05-19T16:55:34","modified_gmt":"2020-05-19T16:55:34","slug":"selenite-xx-de-premiere-qualite-avec-halite-xx","status":"publish","type":"product","link":"https:\/\/westgem.shop\/fr\/produit\/selenite-xx-de-premiere-qualite-avec-halite-xx\/","title":{"rendered":"S\u00e9l\u00e9nite xx de premi\u00e8re qualit\u00e9 avec halite xx"},"content":{"rendered":"<p>La s\u00e9l\u00e9nite est connue depuis longtemps sous le nom de \"verre de Marie\" et la halite est le nom min\u00e9ralogique du sel gemme.<\/p>\n<p>L'exploitation \u00e0 ciel ouvert de cette mine est situ\u00e9e pr\u00e8s de la c\u00f4te du Pacifique.<\/p>\n<p>La ville est situ\u00e9e \u00e0 environ 40 m\u00e8tres en dessous du niveau de la mer.<\/p>\n<p>Poids : 260 g Dim.:13 x 7 x 3 cm<\/p>","protected":false},"excerpt":{"rendered":"<p>La s\u00e9l\u00e9nite est connue depuis longtemps sous le nom de \"verre de Marie\" et la halite est le nom min\u00e9ralogique du sel gemme. L'exploitation \u00e0 ciel ouvert de cette mine se situe pr\u00e8s de la c\u00f4te du Pacifique. Elle se trouve \u00e0 environ 40 m\u00e8tres sous le niveau de la mer. Poids : 260 g Dim. : 13 x 7 x 3 cm<\/p>","protected":false},"featured_media":492,"template":"","meta":{"_acf_changed":false},"region":[],"product_brand":[],"product_cat":[15],"product_tag":[],"class_list":{"0":"post-491","1":"product","2":"type-product","3":"status-publish","4":"has-post-thumbnail","6":"product_cat-mineralien","8":"first","9":"outofstock","10":"sold-individually","11":"product-type-simple"},"acf":[],"_links":{"self":[{"href":"https:\/\/westgem.shop\/fr\/wp-json\/wp\/v2\/product\/491","targetHints":{"allow":["GET"]}}],"collection":[{"href":"https:\/\/westgem.shop\/fr\/wp-json\/wp\/v2\/product"}],"about":[{"href":"https:\/\/westgem.shop\/fr\/wp-json\/wp\/v2\/types\/product"}],"wp:featuredmedia":[{"embeddable":true,"href":"https:\/\/westgem.shop\/fr\/wp-json\/wp\/v2\/media\/492"}],"wp:attachment":[{"href":"https:\/\/westgem.shop\/fr\/wp-json\/wp\/v2\/media?parent=491"}],"wp:term":[{"taxonomy":"region","embeddable":true,"href":"https:\/\/westgem.shop\/fr\/wp-json\/wp\/v2\/region?post=491"},{"taxonomy":"product_brand","embeddable":true,"href":"https:\/\/westgem.shop\/fr\/wp-json\/wp\/v2\/product_brand?post=491"},{"taxonomy":"product_cat","embeddable":true,"href":"https:\/\/westgem.shop\/fr\/wp-json\/wp\/v2\/product_cat?post=491"},{"taxonomy":"product_tag","embeddable":true,"href":"https:\/\/westgem.shop\/fr\/wp-json\/wp\/v2\/product_tag?post=491"}],"curies":[{"name":"wp","href":"https:\/\/api.w.org\/{rel}","templated":true}]}}