{"id":493,"date":"2000-02-16T00:00:00","date_gmt":"2000-02-16T00:00:00","guid":{"rendered":"https:\/\/miners.rocks\/product\/79\/"},"modified":"2020-05-19T16:55:34","modified_gmt":"2020-05-19T16:55:34","slug":"selenite-xx-sur-sel-gemme-halite","status":"publish","type":"product","link":"https:\/\/westgem.shop\/fr\/produit\/selenite-xx-sur-sel-gemme-halite\/","title":{"rendered":"S\u00e9l\u00e9nite xx sur sel gemme halite"},"content":{"rendered":"<p>localisation de la trouvaille : Salinas de Paracas - Pisco, D\u00e9partement d'Ica - P\u00e9rou<\/p>\n<p>40 m\u00e8tres sous le niveau de la mer.<\/p>\n<p>Poids : 260 g.  Dim.:11 x 7 x 6 cm<\/p>","protected":false},"excerpt":{"rendered":"<p>Lieu de d\u00e9couverte : Salinas de Paracas - Pisco, D\u00e9partement d'Ica - P\u00e9rou 40 m\u00e8tres sous le niveau de la mer. Poids : 260 g. Dimensions : 11 x 7 x 6 cm<\/p>","protected":false},"featured_media":494,"template":"","meta":{"_acf_changed":false},"region":[],"product_brand":[],"product_cat":[15],"product_tag":[],"class_list":{"0":"post-493","1":"product","2":"type-product","3":"status-publish","4":"has-post-thumbnail","6":"product_cat-mineralien","8":"first","9":"outofstock","10":"sold-individually","11":"product-type-simple"},"acf":[],"_links":{"self":[{"href":"https:\/\/westgem.shop\/fr\/wp-json\/wp\/v2\/product\/493","targetHints":{"allow":["GET"]}}],"collection":[{"href":"https:\/\/westgem.shop\/fr\/wp-json\/wp\/v2\/product"}],"about":[{"href":"https:\/\/westgem.shop\/fr\/wp-json\/wp\/v2\/types\/product"}],"wp:featuredmedia":[{"embeddable":true,"href":"https:\/\/westgem.shop\/fr\/wp-json\/wp\/v2\/media\/494"}],"wp:attachment":[{"href":"https:\/\/westgem.shop\/fr\/wp-json\/wp\/v2\/media?parent=493"}],"wp:term":[{"taxonomy":"region","embeddable":true,"href":"https:\/\/westgem.shop\/fr\/wp-json\/wp\/v2\/region?post=493"},{"taxonomy":"product_brand","embeddable":true,"href":"https:\/\/westgem.shop\/fr\/wp-json\/wp\/v2\/product_brand?post=493"},{"taxonomy":"product_cat","embeddable":true,"href":"https:\/\/westgem.shop\/fr\/wp-json\/wp\/v2\/product_cat?post=493"},{"taxonomy":"product_tag","embeddable":true,"href":"https:\/\/westgem.shop\/fr\/wp-json\/wp\/v2\/product_tag?post=493"}],"curies":[{"name":"wp","href":"https:\/\/api.w.org\/{rel}","templated":true}]}}