{"id":495,"date":"2000-02-17T00:00:00","date_gmt":"2000-02-17T00:00:00","guid":{"rendered":"https:\/\/miners.rocks\/product\/80\/"},"modified":"2020-05-19T16:55:34","modified_gmt":"2020-05-19T16:55:34","slug":"hildegard-jaspis-piece-unique-faite-main","status":"publish","type":"product","link":"https:\/\/westgem.shop\/fr\/produit\/hildegard-jaspis-piece-unique-faite-main\/","title":{"rendered":"Hildegard Jaspis ,pi\u00e8ce unique faite \u00e0 la main"},"content":{"rendered":"<p>Agate - jaspe serait la d\u00e9signation correcte pour cette esp\u00e8ce min\u00e9rale. Gr\u00e2ce \u00e0 la tendance \u00e9sot\u00e9rique de ces derni\u00e8res ann\u00e9es, le nom de \"jaspe Hildegard\" s'est \u00e9tabli dans le commerce, ce qui est d\u00fb aux descriptions de pierres faites par Hildegard von Bingen, qui vivait \u00e0 Bingen sur le Rhin.<\/p>\n<p> Les gisements d'agate-jaspis se trouvaient alors, et se trouvent encore aujourd'hui, dans la r\u00e9gion proche d'Idar-Oberstein et de la Sarre.<\/p>\n<p>La plaque est sertie d'argent sur le dessus, avec un grand oeillet, \u00e9galement pour les cha\u00eenes plus \u00e9paisses ou les colliers en caoutchouc.<\/p>\n<p>Excuisiter Pendentif <br \/>\nponc\u00e9 \u00e0 la main , polissage miroir sur les deux faces<br \/>\nCette partie a \u00e9t\u00e9 taill\u00e9e en 2005 - seule cette pi\u00e8ce est encore disponible.<\/p>","protected":false},"excerpt":{"rendered":"<p>Agate - jaspe serait la d\u00e9signation correcte pour cette esp\u00e8ce min\u00e9rale. En raison de la tendance \u00e9sot\u00e9rique de ces derni\u00e8res ann\u00e9es, le nom de \"jaspe Hildegard\" s'est \u00e9tabli dans le commerce, ce qui est d\u00fb aux descriptions de pierres faites par Hildegard von Bingen, qui vivait comme on le sait \u00e0 Bingen sur le Rhin. Les gisements de jaspe agate se trouvaient alors, et se trouvent encore aujourd'hui, dans la r\u00e9gion proche d'Idar-Oberstein et [...].<\/p>","protected":false},"featured_media":496,"template":"","meta":{"_acf_changed":false},"region":[],"product_brand":[],"product_cat":[15],"product_tag":[],"class_list":{"0":"post-495","1":"product","2":"type-product","3":"status-publish","4":"has-post-thumbnail","6":"product_cat-mineralien","8":"first","9":"outofstock","10":"sold-individually","11":"product-type-simple"},"acf":[],"_links":{"self":[{"href":"https:\/\/westgem.shop\/fr\/wp-json\/wp\/v2\/product\/495","targetHints":{"allow":["GET"]}}],"collection":[{"href":"https:\/\/westgem.shop\/fr\/wp-json\/wp\/v2\/product"}],"about":[{"href":"https:\/\/westgem.shop\/fr\/wp-json\/wp\/v2\/types\/product"}],"wp:featuredmedia":[{"embeddable":true,"href":"https:\/\/westgem.shop\/fr\/wp-json\/wp\/v2\/media\/496"}],"wp:attachment":[{"href":"https:\/\/westgem.shop\/fr\/wp-json\/wp\/v2\/media?parent=495"}],"wp:term":[{"taxonomy":"region","embeddable":true,"href":"https:\/\/westgem.shop\/fr\/wp-json\/wp\/v2\/region?post=495"},{"taxonomy":"product_brand","embeddable":true,"href":"https:\/\/westgem.shop\/fr\/wp-json\/wp\/v2\/product_brand?post=495"},{"taxonomy":"product_cat","embeddable":true,"href":"https:\/\/westgem.shop\/fr\/wp-json\/wp\/v2\/product_cat?post=495"},{"taxonomy":"product_tag","embeddable":true,"href":"https:\/\/westgem.shop\/fr\/wp-json\/wp\/v2\/product_tag?post=495"}],"curies":[{"name":"wp","href":"https:\/\/api.w.org\/{rel}","templated":true}]}}