{"id":4977,"date":"2002-05-30T00:00:00","date_gmt":"2002-05-30T00:00:00","guid":{"rendered":"https:\/\/miners.rocks\/product\/fluorit-xx-woelsendorf-3\/"},"modified":"2020-05-19T17:03:20","modified_gmt":"2020-05-19T17:03:20","slug":"fluorite-xx-woelsendorf-3","status":"publish","type":"product","link":"https:\/\/westgem.shop\/fr\/produit\/fluorite-xx-woelsendorf-3\/","title":{"rendered":"FLUORIT xx - W\u00f6lsendorf"},"content":{"rendered":"<p>Ancienne pi\u00e8ce de collection provenant du c\u00e9l\u00e8bre gisement de FLUSSPAT \u00e0 W\u00d6LSENDORF\/BAYERN<\/p>\n<p>FLUORITE xx blanc verd\u00e2tre avec de petits cristaux CHALCOPYRIT dor\u00e9s brillants sur le dessus.<\/p>\n<p>Sur le c\u00f4t\u00e9 se trouve encore l'ancienne \u00e9tiquette de collection - voir l'orthographe \"Baiern\".<\/p>\n<p>Poids : 272 g Dimensions : 9 x 7,5 x 4 cm<\/p>\n<p>La derni\u00e8re image montre les marches du dessous.<\/p>","protected":false},"excerpt":{"rendered":"<p>Ancienne pi\u00e8ce de collection provenant du c\u00e9l\u00e8bre gisement de FLUSSPAT \u00e0 W\u00d6LSENDORF\/BAYERN FLUORITE xx blanc verd\u00e2tre avec de petits cristaux CHALCOPYRITE dor\u00e9s brillants sur le dessus. Sur le c\u00f4t\u00e9 se trouve encore l'ancienne \u00e9tiquette de collection - voir l'\u00e9criture \"Baiern\" Poids : 272 g Dimensions : 9 x 7,5 x 4 cm La derni\u00e8re photo montre le dessous des marches.<\/p>","protected":false},"featured_media":4978,"template":"","meta":{"_acf_changed":false},"region":[],"product_brand":[],"product_cat":[15],"product_tag":[],"class_list":{"0":"post-4977","1":"product","2":"type-product","3":"status-publish","4":"has-post-thumbnail","6":"product_cat-mineralien","8":"first","9":"outofstock","10":"sold-individually","11":"product-type-simple"},"acf":[],"_links":{"self":[{"href":"https:\/\/westgem.shop\/fr\/wp-json\/wp\/v2\/product\/4977","targetHints":{"allow":["GET"]}}],"collection":[{"href":"https:\/\/westgem.shop\/fr\/wp-json\/wp\/v2\/product"}],"about":[{"href":"https:\/\/westgem.shop\/fr\/wp-json\/wp\/v2\/types\/product"}],"wp:featuredmedia":[{"embeddable":true,"href":"https:\/\/westgem.shop\/fr\/wp-json\/wp\/v2\/media\/4978"}],"wp:attachment":[{"href":"https:\/\/westgem.shop\/fr\/wp-json\/wp\/v2\/media?parent=4977"}],"wp:term":[{"taxonomy":"region","embeddable":true,"href":"https:\/\/westgem.shop\/fr\/wp-json\/wp\/v2\/region?post=4977"},{"taxonomy":"product_brand","embeddable":true,"href":"https:\/\/westgem.shop\/fr\/wp-json\/wp\/v2\/product_brand?post=4977"},{"taxonomy":"product_cat","embeddable":true,"href":"https:\/\/westgem.shop\/fr\/wp-json\/wp\/v2\/product_cat?post=4977"},{"taxonomy":"product_tag","embeddable":true,"href":"https:\/\/westgem.shop\/fr\/wp-json\/wp\/v2\/product_tag?post=4977"}],"curies":[{"name":"wp","href":"https:\/\/api.w.org\/{rel}","templated":true}]}}