{"id":498,"date":"2000-02-18T00:00:00","date_gmt":"2000-02-18T00:00:00","guid":{"rendered":"https:\/\/miners.rocks\/product\/81\/"},"modified":"2020-05-19T16:55:34","modified_gmt":"2020-05-19T16:55:34","slug":"bois-petrifie-arizona-2","status":"publish","type":"product","link":"https:\/\/westgem.shop\/fr\/produit\/bois-petrifie-arizona-2\/","title":{"rendered":"Bois p\u00e9trifi\u00e9 -Arizona"},"content":{"rendered":"<p>Pi\u00e8ce unique absolue , livr\u00e9e compl\u00e8te avec collier Omega Reif en argent pur avec 14 ct. or et fermoir \u00e0 mousqueton. Tous les bijoux sont fabriqu\u00e9s en Allemagne.<\/p>\n<p>Le lieu de d\u00e9couverte de la mati\u00e8re premi\u00e8re est Petrified Forrest - Holbrook - Arizona - USA<\/p>\n<p>Pon\u00e7age de finition \u00e0 partir de notre mati\u00e8re premi\u00e8re -Polissage top<br \/>\nLes nuances de jaune et de rouge sont typiques de l'Ar\u00edzona.<br \/>\nenviron 220 millions d'ann\u00e9es<\/p>\n<p>Poids:17 g Dimensions : Pierre : 6 x 2.5 x 0.3 cm Longueur du collier : 43 cm<\/p>","protected":false},"excerpt":{"rendered":"<p>Pi\u00e8ce unique absolue , livr\u00e9e compl\u00e8te avec collier Omega Reif en argent pur avec 14 ct. or et fermoir \u00e0 mousqueton. Tous les bijoux sont fabriqu\u00e9s en Allemagne. Le lieu de d\u00e9couverte de la mati\u00e8re premi\u00e8re est Petrified Forrest - Holbrook - Arizona - USA Finition de notre mati\u00e8re premi\u00e8re - Top polissage Les tons jaunes - rouges sont typiques de l'Ar\u00edzona. environ 220 millions [...]<\/p>","protected":false},"featured_media":499,"template":"","meta":{"_acf_changed":false},"region":[],"product_brand":[],"product_cat":[15],"product_tag":[],"class_list":{"0":"post-498","1":"product","2":"type-product","3":"status-publish","4":"has-post-thumbnail","6":"product_cat-mineralien","8":"first","9":"outofstock","10":"sold-individually","11":"product-type-simple"},"acf":[],"_links":{"self":[{"href":"https:\/\/westgem.shop\/fr\/wp-json\/wp\/v2\/product\/498","targetHints":{"allow":["GET"]}}],"collection":[{"href":"https:\/\/westgem.shop\/fr\/wp-json\/wp\/v2\/product"}],"about":[{"href":"https:\/\/westgem.shop\/fr\/wp-json\/wp\/v2\/types\/product"}],"wp:featuredmedia":[{"embeddable":true,"href":"https:\/\/westgem.shop\/fr\/wp-json\/wp\/v2\/media\/499"}],"wp:attachment":[{"href":"https:\/\/westgem.shop\/fr\/wp-json\/wp\/v2\/media?parent=498"}],"wp:term":[{"taxonomy":"region","embeddable":true,"href":"https:\/\/westgem.shop\/fr\/wp-json\/wp\/v2\/region?post=498"},{"taxonomy":"product_brand","embeddable":true,"href":"https:\/\/westgem.shop\/fr\/wp-json\/wp\/v2\/product_brand?post=498"},{"taxonomy":"product_cat","embeddable":true,"href":"https:\/\/westgem.shop\/fr\/wp-json\/wp\/v2\/product_cat?post=498"},{"taxonomy":"product_tag","embeddable":true,"href":"https:\/\/westgem.shop\/fr\/wp-json\/wp\/v2\/product_tag?post=498"}],"curies":[{"name":"wp","href":"https:\/\/api.w.org\/{rel}","templated":true}]}}