{"id":4982,"date":"2002-05-31T00:00:00","date_gmt":"2002-05-31T00:00:00","guid":{"rendered":"https:\/\/miners.rocks\/product\/fluorit-xx-new-mexiko\/"},"modified":"2020-05-19T17:03:20","modified_gmt":"2020-05-19T17:03:20","slug":"fluorite-xx-new-mexico","status":"publish","type":"product","link":"https:\/\/westgem.shop\/fr\/produit\/fluorite-xx-new-mexico\/","title":{"rendered":"FLUORIT xx - NEW Mexico"},"content":{"rendered":"<p>Petit niveau de FLUORITE de la c\u00e9l\u00e8bre mine Blanchard \u00e0 Bingham - NEW Mexico - USA<\/p>\n<p>Cristaux joliment cubiques de couleur l\u00e9g\u00e8rement gris-bleu\u00e2tre sur roche m\u00e8re.<\/p>\n<p>Cette pi\u00e8ce provient d'un lot d'il y a plus de 10 ans.<\/p>\n<p>Poids : 160 g Dimensions : 9 x 5 x 3,5 cm<\/p>","protected":false},"excerpt":{"rendered":"<p>Petit niveau de FLUORITE de la fameuse mine Blanchard \u00e0 Bingham - NEW Mexico - USA De beaux cristaux cubiques de couleur l\u00e9g\u00e8rement gris bleut\u00e9 sur la roche m\u00e8re. Cette pi\u00e8ce provient d'un lot d'il y a plus de 10 ans. Poids : 160 g Dimensions : 9 x 5 x 3,5 cm<\/p>","protected":false},"featured_media":4983,"template":"","meta":{"_acf_changed":false},"region":[],"product_brand":[],"product_cat":[15],"product_tag":[],"class_list":{"0":"post-4982","1":"product","2":"type-product","3":"status-publish","4":"has-post-thumbnail","6":"product_cat-mineralien","8":"first","9":"outofstock","10":"sold-individually","11":"product-type-simple"},"acf":[],"_links":{"self":[{"href":"https:\/\/westgem.shop\/fr\/wp-json\/wp\/v2\/product\/4982","targetHints":{"allow":["GET"]}}],"collection":[{"href":"https:\/\/westgem.shop\/fr\/wp-json\/wp\/v2\/product"}],"about":[{"href":"https:\/\/westgem.shop\/fr\/wp-json\/wp\/v2\/types\/product"}],"wp:featuredmedia":[{"embeddable":true,"href":"https:\/\/westgem.shop\/fr\/wp-json\/wp\/v2\/media\/4983"}],"wp:attachment":[{"href":"https:\/\/westgem.shop\/fr\/wp-json\/wp\/v2\/media?parent=4982"}],"wp:term":[{"taxonomy":"region","embeddable":true,"href":"https:\/\/westgem.shop\/fr\/wp-json\/wp\/v2\/region?post=4982"},{"taxonomy":"product_brand","embeddable":true,"href":"https:\/\/westgem.shop\/fr\/wp-json\/wp\/v2\/product_brand?post=4982"},{"taxonomy":"product_cat","embeddable":true,"href":"https:\/\/westgem.shop\/fr\/wp-json\/wp\/v2\/product_cat?post=4982"},{"taxonomy":"product_tag","embeddable":true,"href":"https:\/\/westgem.shop\/fr\/wp-json\/wp\/v2\/product_tag?post=4982"}],"curies":[{"name":"wp","href":"https:\/\/api.w.org\/{rel}","templated":true}]}}