{"id":4987,"date":"2002-06-01T00:00:00","date_gmt":"2002-06-01T00:00:00","guid":{"rendered":"https:\/\/miners.rocks\/product\/chalcedon-huettenberg-2\/"},"modified":"2024-02-03T07:39:44","modified_gmt":"2024-02-03T07:39:44","slug":"calcedoine-huettenberg-2","status":"publish","type":"product","link":"https:\/\/westgem.shop\/fr\/produit\/calcedoine-huettenberg-2\/","title":{"rendered":"CHALC\u00c9DOINE - H\u00dcTTENBERG"},"content":{"rendered":"<p>Cette pi\u00e8ce est un sp\u00e9cimen remarquable de la c\u00e9l\u00e8bre mine de H\u00fcttenberg et pr\u00e9sente une combinaison de min\u00e9raux esth\u00e9tiquement attrayante et g\u00e9ologiquement importante.<\/p>\n<p>Au centre de ce sp\u00e9cimen se trouve la calc\u00e9doine bleu pigeon, une vari\u00e9t\u00e9 de calc\u00e9doine connue pour sa teinte unique et d\u00e9licate bleu-gris. Cette nuance de couleur rappelle le bleu doux des plumes de pigeon et conf\u00e8re au min\u00e9ral son aspect caract\u00e9ristique et recherch\u00e9. La calc\u00e9doine est souvent appr\u00e9ci\u00e9e pour ses propri\u00e9t\u00e9s apaisantes et \u00e9quilibrantes, tant dans la th\u00e9rapie par les pierres pr\u00e9cieuses que dans la communaut\u00e9 des collectionneurs.<\/p>\n<p>La calc\u00e9doine est accompagn\u00e9e de sid\u00e9rite, un min\u00e9ral de carbonate de fer qui se distingue par ses nuances de brun \u00e0 brun jaun\u00e2tre et ses formes cristallines typiques, souvent rhombo\u00e9driques. La sid\u00e9rite ajoute une complexit\u00e9 texturale et chromatique int\u00e9ressante \u00e0 la pi\u00e8ce et fait ressortir les tons bleus plus d\u00e9licats de la calc\u00e9doine.<\/p>\n<p>Cette pi\u00e8ce, d'un poids de 700 grammes et de dimensions de 10 x 9 x 7 cm, provient de H\u00fcttenberg en Carinthie, une localit\u00e9 au riche pass\u00e9 minier. L'exploitation mini\u00e8re de H\u00fcttenberg est connue pour la diversit\u00e9 de ses gisements min\u00e9raux et a produit au fil des ans de nombreux min\u00e9raux importants et dignes d'\u00eatre collectionn\u00e9s.<\/p>\n<p>Dans l'ensemble, ce sp\u00e9cimen n'est pas seulement une pi\u00e8ce de collection impressionnante, mais aussi un morceau d'histoire de la Terre qui met merveilleusement en valeur la beaut\u00e9 naturelle et la complexit\u00e9 des min\u00e9raux. Il est id\u00e9al pour les collectionneurs qui souhaitent poss\u00e9der un morceau de l'histoire mini\u00e8re autrichienne, ainsi que pour les amateurs de min\u00e9raux \u00e0 la palette de couleurs et \u00e0 la texture particuli\u00e8res.<\/p>","protected":false},"excerpt":{"rendered":"<p>Cette pi\u00e8ce est un sp\u00e9cimen remarquable provenant de la c\u00e9l\u00e8bre mine de H\u00fcttenberg et pr\u00e9sente une combinaison de min\u00e9raux esth\u00e9tiquement attrayante et g\u00e9ologiquement importante. Au centre de ce sp\u00e9cimen se trouve la calc\u00e9doine bleu pigeon, une vari\u00e9t\u00e9 de calc\u00e9doine connue pour sa teinte unique et d\u00e9licate bleu-gris. Cette nuance de couleur rappelle le bleu doux des plumes de pigeon et conf\u00e8re [...].<\/p>","protected":false},"featured_media":4988,"template":"","meta":{"_acf_changed":false},"region":[59],"product_brand":[],"product_cat":[16],"product_tag":[],"class_list":{"0":"post-4987","1":"product","2":"type-product","3":"status-publish","4":"has-post-thumbnail","6":"region-oesterreich","7":"product_cat-rohsteine","9":"first","10":"instock","11":"sold-individually","12":"product-type-simple"},"acf":[],"_links":{"self":[{"href":"https:\/\/westgem.shop\/fr\/wp-json\/wp\/v2\/product\/4987","targetHints":{"allow":["GET"]}}],"collection":[{"href":"https:\/\/westgem.shop\/fr\/wp-json\/wp\/v2\/product"}],"about":[{"href":"https:\/\/westgem.shop\/fr\/wp-json\/wp\/v2\/types\/product"}],"wp:featuredmedia":[{"embeddable":true,"href":"https:\/\/westgem.shop\/fr\/wp-json\/wp\/v2\/media\/4988"}],"wp:attachment":[{"href":"https:\/\/westgem.shop\/fr\/wp-json\/wp\/v2\/media?parent=4987"}],"wp:term":[{"taxonomy":"region","embeddable":true,"href":"https:\/\/westgem.shop\/fr\/wp-json\/wp\/v2\/region?post=4987"},{"taxonomy":"product_brand","embeddable":true,"href":"https:\/\/westgem.shop\/fr\/wp-json\/wp\/v2\/product_brand?post=4987"},{"taxonomy":"product_cat","embeddable":true,"href":"https:\/\/westgem.shop\/fr\/wp-json\/wp\/v2\/product_cat?post=4987"},{"taxonomy":"product_tag","embeddable":true,"href":"https:\/\/westgem.shop\/fr\/wp-json\/wp\/v2\/product_tag?post=4987"}],"curies":[{"name":"wp","href":"https:\/\/api.w.org\/{rel}","templated":true}]}}