{"id":4992,"date":"2002-06-02T00:00:00","date_gmt":"2002-06-02T00:00:00","guid":{"rendered":"https:\/\/miners.rocks\/product\/blauer-chalcedon-malawi\/"},"modified":"2024-02-03T07:39:35","modified_gmt":"2024-02-03T07:39:35","slug":"calcedoine-bleue-malawi","status":"publish","type":"product","link":"https:\/\/westgem.shop\/fr\/produit\/calcedoine-bleue-malawi\/","title":{"rendered":"CHALCEDON bleu - MALAWI"},"content":{"rendered":"<p>Cet impressionnant sp\u00e9cimen min\u00e9ral pr\u00e9sente une magnifique calc\u00e9doine bleu pigeon, \u00e9l\u00e9gamment combin\u00e9e \u00e0 un quartz monocristallin, plus connu sous le nom de cristal de roche. Cette composition t\u00e9moigne de l'impressionnante diversit\u00e9 et de la beaut\u00e9 du monde min\u00e9ral.<\/p>\n<p>La calc\u00e9doine fascine par sa couleur bleu pigeon rare et apaisante, qui lui conf\u00e8re un rayonnement particulier et paisible. Sa texture microcristalline lui conf\u00e8re une surface lisse et presque soyeuse. La calc\u00e9doine est appr\u00e9ci\u00e9e dans la science des pierres pr\u00e9cieuses pour ses propri\u00e9t\u00e9s \u00e9quilibrantes.<\/p>\n<p>Le cristal de roche compl\u00e8te harmonieusement la calc\u00e9doine. Connu pour sa transparence et sa puret\u00e9, le cristal de roche est l'un des min\u00e9raux les plus appr\u00e9ci\u00e9s et les plus polyvalents. Dans cet exemplaire, le cristal de roche souligne et compl\u00e8te le bleu doux de la calc\u00e9doine, ce qui cr\u00e9e une harmonie visuelle fascinante.<\/p>\n<p>Il faut \u00e9galement souligner l'origine de ce sp\u00e9cimen - la <strong>R\u00e9gion de Chikwawa au Malawi, Afrique<\/strong>. Cette r\u00e9gion est connue pour la diversit\u00e9 et la richesse de ses gisements de min\u00e9raux. La nature g\u00e9ologique de cette r\u00e9gion, marqu\u00e9e par une combinaison unique de paysages et d'histoire g\u00e9ologique, se refl\u00e8te dans la qualit\u00e9 et la raret\u00e9 des min\u00e9raux qui y sont d\u00e9couverts.<\/p>\n<p>Avec un poids de<strong> 505 grammes<\/strong> et les dimensions<strong> 11 x 7 x 6 cm<\/strong> cette pi\u00e8ce est \u00e0 la fois imposante et esth\u00e9tiquement impressionnante. Elle t\u00e9moigne non seulement de la beaut\u00e9 naturelle et de la complexit\u00e9 de la formation des min\u00e9raux, mais aussi de l'histoire g\u00e9ologique et culturelle du Malawi.<\/p>\n<p>Ce sp\u00e9cimen min\u00e9ral est un enrichissement pr\u00e9cieux pour toute collection, en particulier pour les amateurs de combinaisons de couleurs uniques et de l'association de diff\u00e9rentes structures min\u00e9rales. Il symbolise les merveilles de la nature et raconte l'histoire fascinante de notre plan\u00e8te.<\/p>","protected":false},"excerpt":{"rendered":"<p>Cet impressionnant sp\u00e9cimen min\u00e9ral pr\u00e9sente une magnifique calc\u00e9doine bleu pigeon, \u00e9l\u00e9gamment combin\u00e9e \u00e0 un quartz monocristallin, plus connu sous le nom de cristal de roche. Cette composition t\u00e9moigne de l'impressionnante diversit\u00e9 et de la beaut\u00e9 du monde min\u00e9ral. La calc\u00e9doine fascine par sa couleur bleu pigeon rare et apaisante, qui lui conf\u00e8re un rayonnement particulier et paisible. Sa texture microcristalline assure une [...]<\/p>","protected":false},"featured_media":4993,"template":"","meta":{"_acf_changed":false},"region":[62],"product_brand":[],"product_cat":[16],"product_tag":[],"class_list":{"0":"post-4992","1":"product","2":"type-product","3":"status-publish","4":"has-post-thumbnail","6":"region-afrika","7":"product_cat-rohsteine","9":"first","10":"instock","11":"sold-individually","12":"product-type-simple"},"acf":[],"_links":{"self":[{"href":"https:\/\/westgem.shop\/fr\/wp-json\/wp\/v2\/product\/4992","targetHints":{"allow":["GET"]}}],"collection":[{"href":"https:\/\/westgem.shop\/fr\/wp-json\/wp\/v2\/product"}],"about":[{"href":"https:\/\/westgem.shop\/fr\/wp-json\/wp\/v2\/types\/product"}],"wp:featuredmedia":[{"embeddable":true,"href":"https:\/\/westgem.shop\/fr\/wp-json\/wp\/v2\/media\/4993"}],"wp:attachment":[{"href":"https:\/\/westgem.shop\/fr\/wp-json\/wp\/v2\/media?parent=4992"}],"wp:term":[{"taxonomy":"region","embeddable":true,"href":"https:\/\/westgem.shop\/fr\/wp-json\/wp\/v2\/region?post=4992"},{"taxonomy":"product_brand","embeddable":true,"href":"https:\/\/westgem.shop\/fr\/wp-json\/wp\/v2\/product_brand?post=4992"},{"taxonomy":"product_cat","embeddable":true,"href":"https:\/\/westgem.shop\/fr\/wp-json\/wp\/v2\/product_cat?post=4992"},{"taxonomy":"product_tag","embeddable":true,"href":"https:\/\/westgem.shop\/fr\/wp-json\/wp\/v2\/product_tag?post=4992"}],"curies":[{"name":"wp","href":"https:\/\/api.w.org\/{rel}","templated":true}]}}