{"id":4997,"date":"2002-06-03T00:00:00","date_gmt":"2002-06-03T00:00:00","guid":{"rendered":"https:\/\/miners.rocks\/product\/gips-selenit-xx-bad-ischl\/"},"modified":"2020-05-19T17:03:22","modified_gmt":"2020-05-19T17:03:22","slug":"platre-selenit-xx-bad-ischl","status":"publish","type":"product","link":"https:\/\/westgem.shop\/fr\/produit\/platre-selenit-xx-bad-ischl\/","title":{"rendered":"GIPS - SELENIT xx - BAD ISCHL"},"content":{"rendered":"<p>Pi\u00e8ce provenant d'une ancienne collection.<\/p>\n<p>GIPS Var. SELENIT xx - tr\u00e8s nombreux cristaux brillants<\/p>\n<p>La marche provient de l'ancienne exploitation de sel dans le Haselgebirge pr\u00e8s de BAD ISCHL - Salzkammergut - Haute-Autriche<\/p>\n<p>Poids : 460 g Dimensions : 12 x 9 x 7 cm<\/p>\n<p>PRIX SPECIAL !<\/p>","protected":false},"excerpt":{"rendered":"<p>Pi\u00e8ce provenant d'une ancienne collection. GIPS Var. SELENIT xx - tr\u00e8s nombreux cristaux brillants Le niveau provient de l'ancienne mine de sel du Haselgebirge pr\u00e8s de BAD ISCHL - Salzkammergut - Haute-Autriche Poids : 460 g Dimensions : 12 x 9 x 7 cm PRIX SPECIAL !<\/p>","protected":false},"featured_media":4998,"template":"","meta":{"_acf_changed":false},"region":[],"product_brand":[],"product_cat":[15],"product_tag":[],"class_list":{"0":"post-4997","1":"product","2":"type-product","3":"status-publish","4":"has-post-thumbnail","6":"product_cat-mineralien","8":"first","9":"outofstock","10":"sold-individually","11":"product-type-simple"},"acf":[],"_links":{"self":[{"href":"https:\/\/westgem.shop\/fr\/wp-json\/wp\/v2\/product\/4997","targetHints":{"allow":["GET"]}}],"collection":[{"href":"https:\/\/westgem.shop\/fr\/wp-json\/wp\/v2\/product"}],"about":[{"href":"https:\/\/westgem.shop\/fr\/wp-json\/wp\/v2\/types\/product"}],"wp:featuredmedia":[{"embeddable":true,"href":"https:\/\/westgem.shop\/fr\/wp-json\/wp\/v2\/media\/4998"}],"wp:attachment":[{"href":"https:\/\/westgem.shop\/fr\/wp-json\/wp\/v2\/media?parent=4997"}],"wp:term":[{"taxonomy":"region","embeddable":true,"href":"https:\/\/westgem.shop\/fr\/wp-json\/wp\/v2\/region?post=4997"},{"taxonomy":"product_brand","embeddable":true,"href":"https:\/\/westgem.shop\/fr\/wp-json\/wp\/v2\/product_brand?post=4997"},{"taxonomy":"product_cat","embeddable":true,"href":"https:\/\/westgem.shop\/fr\/wp-json\/wp\/v2\/product_cat?post=4997"},{"taxonomy":"product_tag","embeddable":true,"href":"https:\/\/westgem.shop\/fr\/wp-json\/wp\/v2\/product_tag?post=4997"}],"curies":[{"name":"wp","href":"https:\/\/api.w.org\/{rel}","templated":true}]}}