{"id":5002,"date":"2002-06-04T00:00:00","date_gmt":"2002-06-04T00:00:00","guid":{"rendered":"https:\/\/miners.rocks\/product\/chalcedon-mit-siderit-huettenberg\/"},"modified":"2020-05-19T17:03:23","modified_gmt":"2020-05-19T17:03:23","slug":"chalcedoine-avec-siderite-huettenberg","status":"publish","type":"product","link":"https:\/\/westgem.shop\/fr\/produit\/chalcedoine-avec-siderite-huettenberg\/","title":{"rendered":"CHALCEDON avec SIDERIT - H\u00dcTTENBERG"},"content":{"rendered":"<p>Belle CHALCEDON bleu pigeon avec SIDERITE brune - Eisenerz<\/p>\n<p>Etage min\u00e9ral typique de H\u00fcttenbergER.<\/p>\n<p>H\u00fcttenberg en Carinthie du Nord-Est - l'exploitation mini\u00e8re depuis l'\u00e9poque des Celtes, il y a plus de 2200 ans, on y extrayait le fameux \"FER NORIQUE\" de l'\u00e9poque.<\/p>\n<p>D\u00e9saffect\u00e9 depuis plus de 40 ans et PAS DE NOUVELLES d\u00e9couvertes possibles depuis cette date !<\/p>\n<p>Belle et grande pi\u00e8ce justificative de cette c\u00e9l\u00e8bre mine.<\/p>\n<p>poids d'\u00e0 peine 1 kilogramme (990 g)<\/p>\n<p>Dimensions : 14 x 10 c 6 cm<\/p>","protected":false},"excerpt":{"rendered":"<p>Belle CHALCEDON bleu pigeon avec de la SIDERITE brune - Minerai de fer typique de H\u00fcttenberg. H\u00fcttenberg en Carinthie du Nord-Est - exploitation mini\u00e8re depuis l'\u00e9poque des Celtes, il y a plus de 2200 ans, on y extrayait le fameux \"FER NORDIQUE\". Depuis plus de 40 ans, l'exploitation a cess\u00e9 et il n'y a plus de nouvelles d\u00e9couvertes possibles ! Belle et grande pi\u00e8ce de cette fameuse mine. Poids : presque [...].<\/p>","protected":false},"featured_media":5003,"template":"","meta":{"_acf_changed":false},"region":[],"product_brand":[],"product_cat":[15],"product_tag":[],"class_list":{"0":"post-5002","1":"product","2":"type-product","3":"status-publish","4":"has-post-thumbnail","6":"product_cat-mineralien","8":"first","9":"outofstock","10":"sold-individually","11":"product-type-simple"},"acf":[],"_links":{"self":[{"href":"https:\/\/westgem.shop\/fr\/wp-json\/wp\/v2\/product\/5002","targetHints":{"allow":["GET"]}}],"collection":[{"href":"https:\/\/westgem.shop\/fr\/wp-json\/wp\/v2\/product"}],"about":[{"href":"https:\/\/westgem.shop\/fr\/wp-json\/wp\/v2\/types\/product"}],"wp:featuredmedia":[{"embeddable":true,"href":"https:\/\/westgem.shop\/fr\/wp-json\/wp\/v2\/media\/5003"}],"wp:attachment":[{"href":"https:\/\/westgem.shop\/fr\/wp-json\/wp\/v2\/media?parent=5002"}],"wp:term":[{"taxonomy":"region","embeddable":true,"href":"https:\/\/westgem.shop\/fr\/wp-json\/wp\/v2\/region?post=5002"},{"taxonomy":"product_brand","embeddable":true,"href":"https:\/\/westgem.shop\/fr\/wp-json\/wp\/v2\/product_brand?post=5002"},{"taxonomy":"product_cat","embeddable":true,"href":"https:\/\/westgem.shop\/fr\/wp-json\/wp\/v2\/product_cat?post=5002"},{"taxonomy":"product_tag","embeddable":true,"href":"https:\/\/westgem.shop\/fr\/wp-json\/wp\/v2\/product_tag?post=5002"}],"curies":[{"name":"wp","href":"https:\/\/api.w.org\/{rel}","templated":true}]}}