{"id":5009,"date":"2002-06-05T00:00:00","date_gmt":"2002-06-05T00:00:00","guid":{"rendered":"https:\/\/miners.rocks\/product\/calcit-xx-huettenberg-kaernten\/"},"modified":"2020-05-19T17:03:24","modified_gmt":"2020-05-19T17:03:24","slug":"calcite-xx-huettenberg-kaernten","status":"publish","type":"product","link":"https:\/\/westgem.shop\/fr\/produit\/calcite-xx-huettenberg-kaernten\/","title":{"rendered":"CALCIT xx - H\u00fcttenberg\/Carinthie"},"content":{"rendered":"<p>Tr\u00e8s grande marche CALCIT xx avec d'innombrables cristaux blancs clairs de scal\u00e8ne.<\/p>\n<p>Ancienne pi\u00e8ce de collection des ann\u00e9es 1960 provenant des c\u00e9l\u00e8bres mines o\u00f9, il y a plus de 2 000 ans, les KELTEN et les R\u00f6MER extrayaient d\u00e9j\u00e0 le tr\u00e8s convoit\u00e9 \"FER NORIQUE\".<\/p>\n<p>Poids : 5,9 kilogrammes Dimensions : 24 x 18 x 13 cm<\/p>\n<p>La derni\u00e8re image montre le dessous des marches.<\/p>","protected":false},"excerpt":{"rendered":"<p>Tr\u00e8s grand niveau CALCIT xx avec d'innombrables cristaux blancs clairs de scal\u00e8ne. Ancienne pi\u00e8ce de collection des ann\u00e9es 1960 provenant de la c\u00e9l\u00e8bre mine o\u00f9, il y a plus de 2.000 ans, les KELTEN et les R\u00f6MER extrayaient d\u00e9j\u00e0 le tr\u00e8s convoit\u00e9 \"FER NORDIQUE\". Poids : 5,9 kilogrammes Dimensions : 24 x 18 x 13 cm La derni\u00e8re photo montre le dessous des marches.<\/p>","protected":false},"featured_media":5010,"template":"","meta":{"_acf_changed":false},"region":[],"product_brand":[],"product_cat":[15],"product_tag":[],"class_list":{"0":"post-5009","1":"product","2":"type-product","3":"status-publish","4":"has-post-thumbnail","6":"product_cat-mineralien","8":"first","9":"outofstock","10":"sold-individually","11":"product-type-simple"},"acf":[],"_links":{"self":[{"href":"https:\/\/westgem.shop\/fr\/wp-json\/wp\/v2\/product\/5009","targetHints":{"allow":["GET"]}}],"collection":[{"href":"https:\/\/westgem.shop\/fr\/wp-json\/wp\/v2\/product"}],"about":[{"href":"https:\/\/westgem.shop\/fr\/wp-json\/wp\/v2\/types\/product"}],"wp:featuredmedia":[{"embeddable":true,"href":"https:\/\/westgem.shop\/fr\/wp-json\/wp\/v2\/media\/5010"}],"wp:attachment":[{"href":"https:\/\/westgem.shop\/fr\/wp-json\/wp\/v2\/media?parent=5009"}],"wp:term":[{"taxonomy":"region","embeddable":true,"href":"https:\/\/westgem.shop\/fr\/wp-json\/wp\/v2\/region?post=5009"},{"taxonomy":"product_brand","embeddable":true,"href":"https:\/\/westgem.shop\/fr\/wp-json\/wp\/v2\/product_brand?post=5009"},{"taxonomy":"product_cat","embeddable":true,"href":"https:\/\/westgem.shop\/fr\/wp-json\/wp\/v2\/product_cat?post=5009"},{"taxonomy":"product_tag","embeddable":true,"href":"https:\/\/westgem.shop\/fr\/wp-json\/wp\/v2\/product_tag?post=5009"}],"curies":[{"name":"wp","href":"https:\/\/api.w.org\/{rel}","templated":true}]}}