{"id":501,"date":"2000-02-19T00:00:00","date_gmt":"2000-02-19T00:00:00","guid":{"rendered":"https:\/\/miners.rocks\/product\/82\/"},"modified":"2020-05-19T16:55:35","modified_gmt":"2020-05-19T16:55:35","slug":"amethyste-xx-avec-scalenoedres-de-calcite-de-premiere-qualite","status":"publish","type":"product","link":"https:\/\/westgem.shop\/fr\/produit\/amethyste-xx-avec-scalenoedres-de-calcite-de-premiere-qualite\/","title":{"rendered":"AMETHYST xx avec des scal\u00e9no\u00e8dres de calcite de premi\u00e8re qualit\u00e9"},"content":{"rendered":"<p>Top niveau d'am\u00e9thyste avec un grand cristal de calcite parfait, tr\u00e8s brillant, recouvert de cristaux de deuxi\u00e8me g\u00e9n\u00e9ration - magnifique.<\/p>\n<p>localisation de la trouvaille : Artigas - Uruguay<\/p>\n<p>poids : 1.52 kg<\/p>\n<p>Dimensions : Marche :20 x 16 x 9 cm Cristal de calcite : environ 6 x 4 cm<\/p>","protected":false},"excerpt":{"rendered":"<p>Top niveau d'am\u00e9thyste avec un grand cristal de calcite parfait, tr\u00e8s brillant, recouvert de cristaux de deuxi\u00e8me g\u00e9n\u00e9ration - magnifique. Lieu de d\u00e9couverte : Artigas - Uruguay Poids : 1.52 kg Dimensions : Marche :20 x 16 x 9 cm Cristal de calcite : environ 6 x 4 cm<\/p>","protected":false},"featured_media":502,"template":"","meta":{"_acf_changed":false},"region":[],"product_brand":[],"product_cat":[15],"product_tag":[],"class_list":{"0":"post-501","1":"product","2":"type-product","3":"status-publish","4":"has-post-thumbnail","6":"product_cat-mineralien","8":"first","9":"outofstock","10":"sold-individually","11":"product-type-simple"},"acf":[],"_links":{"self":[{"href":"https:\/\/westgem.shop\/fr\/wp-json\/wp\/v2\/product\/501","targetHints":{"allow":["GET"]}}],"collection":[{"href":"https:\/\/westgem.shop\/fr\/wp-json\/wp\/v2\/product"}],"about":[{"href":"https:\/\/westgem.shop\/fr\/wp-json\/wp\/v2\/types\/product"}],"wp:featuredmedia":[{"embeddable":true,"href":"https:\/\/westgem.shop\/fr\/wp-json\/wp\/v2\/media\/502"}],"wp:attachment":[{"href":"https:\/\/westgem.shop\/fr\/wp-json\/wp\/v2\/media?parent=501"}],"wp:term":[{"taxonomy":"region","embeddable":true,"href":"https:\/\/westgem.shop\/fr\/wp-json\/wp\/v2\/region?post=501"},{"taxonomy":"product_brand","embeddable":true,"href":"https:\/\/westgem.shop\/fr\/wp-json\/wp\/v2\/product_brand?post=501"},{"taxonomy":"product_cat","embeddable":true,"href":"https:\/\/westgem.shop\/fr\/wp-json\/wp\/v2\/product_cat?post=501"},{"taxonomy":"product_tag","embeddable":true,"href":"https:\/\/westgem.shop\/fr\/wp-json\/wp\/v2\/product_tag?post=501"}],"curies":[{"name":"wp","href":"https:\/\/api.w.org\/{rel}","templated":true}]}}