{"id":5015,"date":"2002-06-06T00:00:00","date_gmt":"2002-06-06T00:00:00","guid":{"rendered":"https:\/\/miners.rocks\/product\/fluorit-xx-woelsendorf-4\/"},"modified":"2020-05-19T17:03:24","modified_gmt":"2020-05-19T17:03:24","slug":"fluorite-xx-woelsendorf-4","status":"publish","type":"product","link":"https:\/\/westgem.shop\/fr\/produit\/fluorite-xx-woelsendorf-4\/","title":{"rendered":"FLUORIT xx - W\u00f6lsendorf"},"content":{"rendered":"<p>Ancienne pi\u00e8ce de collection.<\/p>\n<p>FLUORITxx avec CHALCOPYRIT brillant comme l'or et quartz xx<\/p>\n<p>de la c\u00e9l\u00e8bre mine FLUSSPAT de W\u00d6LSENDORF en BAVARIE.<\/p>\n<p>Poids : 170 g Dimensions : 8 x 8 x 3 cm<\/p>\n<p>les derni\u00e8res images montrent le c\u00f4t\u00e9 et le dessous<\/p>","protected":false},"excerpt":{"rendered":"<p>Ancienne pi\u00e8ce de collection. FLUORITxx avec CHALCOPYRIT dor\u00e9 et quartz xx de la fameuse mine FLUSSPAT de W\u00f6LSENDORF en BAVARIE. Poids : 170 g Dimensions : 8 x 8 x 3 cm Les derni\u00e8res photos montrent le c\u00f4t\u00e9 et le dessous.<\/p>","protected":false},"featured_media":5016,"template":"","meta":{"_acf_changed":false},"region":[],"product_brand":[],"product_cat":[15],"product_tag":[],"class_list":{"0":"post-5015","1":"product","2":"type-product","3":"status-publish","4":"has-post-thumbnail","6":"product_cat-mineralien","8":"first","9":"outofstock","10":"sold-individually","11":"product-type-simple"},"acf":[],"_links":{"self":[{"href":"https:\/\/westgem.shop\/fr\/wp-json\/wp\/v2\/product\/5015","targetHints":{"allow":["GET"]}}],"collection":[{"href":"https:\/\/westgem.shop\/fr\/wp-json\/wp\/v2\/product"}],"about":[{"href":"https:\/\/westgem.shop\/fr\/wp-json\/wp\/v2\/types\/product"}],"wp:featuredmedia":[{"embeddable":true,"href":"https:\/\/westgem.shop\/fr\/wp-json\/wp\/v2\/media\/5016"}],"wp:attachment":[{"href":"https:\/\/westgem.shop\/fr\/wp-json\/wp\/v2\/media?parent=5015"}],"wp:term":[{"taxonomy":"region","embeddable":true,"href":"https:\/\/westgem.shop\/fr\/wp-json\/wp\/v2\/region?post=5015"},{"taxonomy":"product_brand","embeddable":true,"href":"https:\/\/westgem.shop\/fr\/wp-json\/wp\/v2\/product_brand?post=5015"},{"taxonomy":"product_cat","embeddable":true,"href":"https:\/\/westgem.shop\/fr\/wp-json\/wp\/v2\/product_cat?post=5015"},{"taxonomy":"product_tag","embeddable":true,"href":"https:\/\/westgem.shop\/fr\/wp-json\/wp\/v2\/product_tag?post=5015"}],"curies":[{"name":"wp","href":"https:\/\/api.w.org\/{rel}","templated":true}]}}