{"id":5020,"date":"2002-06-07T00:00:00","date_gmt":"2002-06-07T00:00:00","guid":{"rendered":"https:\/\/miners.rocks\/product\/turmalin-koralpe-kaernten\/"},"modified":"2020-05-19T17:03:25","modified_gmt":"2020-05-19T17:03:25","slug":"tourmaline-koralpe-kaernten","status":"publish","type":"product","link":"https:\/\/westgem.shop\/fr\/produit\/tourmaline-koralpe-kaernten\/","title":{"rendered":"TURMALIN - CORALPE\/Carinthie"},"content":{"rendered":"<p>\n\tCristal TURMALIN d'un noir profond et brillant dans une matrice de quartz dure.<\/p>\n<p>\n\tDans le MARBRE cristallin ancien, les cristaux sont plut\u00f4t mats et grossiers, les TURMALINES pr\u00e9sentes uniquement dans le quartz poss\u00e8dent \u00e9galement un \u00e9clat, mais on ne les trouve que RAREMENT.<\/p>\n<p>\n\tCe morceau est du secteur de sommet de Gro\ufb02en Speickkogel, trouv\u00e9 en 2002.<\/p>\n<p>\n\tPoids : 120 g Dimensions : Marche 8 x 5 x 3,5 cm Tourmaline : 2,5 cm de long<\/p>","protected":false},"excerpt":{"rendered":"<p>Cristal de TURMALINE d'un noir profond et brillant dans une matrice de quartz dure. Sur la KORALPE, dans l'est de la Carinthie, il y a toujours de la PEGMATITE dans laquelle on peut trouver des TURMALINES noires. Dans le MARBRE cristallin ancien, les cristaux sont plut\u00f4t mats et grossiers, seules les TURMALINES pr\u00e9sentes dans le quartz poss\u00e8dent alors aussi un \u00e9clat, mais on ne les trouve que RAREMENT. Cette pi\u00e8ce est du grand [...]<\/p>","protected":false},"featured_media":5021,"template":"","meta":{"_acf_changed":false},"region":[],"product_brand":[],"product_cat":[15],"product_tag":[],"class_list":{"0":"post-5020","1":"product","2":"type-product","3":"status-publish","4":"has-post-thumbnail","6":"product_cat-mineralien","8":"first","9":"outofstock","10":"sold-individually","11":"product-type-simple"},"acf":[],"_links":{"self":[{"href":"https:\/\/westgem.shop\/fr\/wp-json\/wp\/v2\/product\/5020","targetHints":{"allow":["GET"]}}],"collection":[{"href":"https:\/\/westgem.shop\/fr\/wp-json\/wp\/v2\/product"}],"about":[{"href":"https:\/\/westgem.shop\/fr\/wp-json\/wp\/v2\/types\/product"}],"wp:featuredmedia":[{"embeddable":true,"href":"https:\/\/westgem.shop\/fr\/wp-json\/wp\/v2\/media\/5021"}],"wp:attachment":[{"href":"https:\/\/westgem.shop\/fr\/wp-json\/wp\/v2\/media?parent=5020"}],"wp:term":[{"taxonomy":"region","embeddable":true,"href":"https:\/\/westgem.shop\/fr\/wp-json\/wp\/v2\/region?post=5020"},{"taxonomy":"product_brand","embeddable":true,"href":"https:\/\/westgem.shop\/fr\/wp-json\/wp\/v2\/product_brand?post=5020"},{"taxonomy":"product_cat","embeddable":true,"href":"https:\/\/westgem.shop\/fr\/wp-json\/wp\/v2\/product_cat?post=5020"},{"taxonomy":"product_tag","embeddable":true,"href":"https:\/\/westgem.shop\/fr\/wp-json\/wp\/v2\/product_tag?post=5020"}],"curies":[{"name":"wp","href":"https:\/\/api.w.org\/{rel}","templated":true}]}}