{"id":5023,"date":"2002-06-08T00:00:00","date_gmt":"2002-06-08T00:00:00","guid":{"rendered":"https:\/\/miners.rocks\/product\/malachit-kongo-4\/"},"modified":"2020-05-19T17:03:25","modified_gmt":"2020-05-19T17:03:25","slug":"malachite-congo-4","status":"publish","type":"product","link":"https:\/\/westgem.shop\/fr\/produit\/malachite-congo-4\/","title":{"rendered":"Malachite - Congo"},"content":{"rendered":"<p>Tr\u00e8s belle malachite d\u00e9corative, superbes nuances de vert clair - fonc\u00e9 <\/p>\n<p>Polie en surface.<\/p>\n<p>Mine du Prince L\u00e9opold - Katanga <\/p>\n<p>Les photos montrent l'avant et l'arri\u00e8re de la marche.<\/p>\n<p>Congo<\/p>\n<p>Poids : 1,25 kilogramme Dimensions : 15 x 15 x 5 cm<\/p>","protected":false},"excerpt":{"rendered":"<p>Tr\u00e8s belle malachite d\u00e9corative, superbes tons vert clair - vert fonc\u00e9 Surface polie. Mine Prince Leopold - Katanga Les photos montrent l'avant et l'arri\u00e8re de la marche. Congo Poids : 1,25 kilogramme Dimensions : 15 x 15 x 5 cm<\/p>","protected":false},"featured_media":5024,"template":"","meta":{"_acf_changed":false},"region":[],"product_brand":[],"product_cat":[15],"product_tag":[],"class_list":{"0":"post-5023","1":"product","2":"type-product","3":"status-publish","4":"has-post-thumbnail","6":"product_cat-mineralien","8":"first","9":"outofstock","10":"sold-individually","11":"product-type-simple"},"acf":[],"_links":{"self":[{"href":"https:\/\/westgem.shop\/fr\/wp-json\/wp\/v2\/product\/5023","targetHints":{"allow":["GET"]}}],"collection":[{"href":"https:\/\/westgem.shop\/fr\/wp-json\/wp\/v2\/product"}],"about":[{"href":"https:\/\/westgem.shop\/fr\/wp-json\/wp\/v2\/types\/product"}],"wp:featuredmedia":[{"embeddable":true,"href":"https:\/\/westgem.shop\/fr\/wp-json\/wp\/v2\/media\/5024"}],"wp:attachment":[{"href":"https:\/\/westgem.shop\/fr\/wp-json\/wp\/v2\/media?parent=5023"}],"wp:term":[{"taxonomy":"region","embeddable":true,"href":"https:\/\/westgem.shop\/fr\/wp-json\/wp\/v2\/region?post=5023"},{"taxonomy":"product_brand","embeddable":true,"href":"https:\/\/westgem.shop\/fr\/wp-json\/wp\/v2\/product_brand?post=5023"},{"taxonomy":"product_cat","embeddable":true,"href":"https:\/\/westgem.shop\/fr\/wp-json\/wp\/v2\/product_cat?post=5023"},{"taxonomy":"product_tag","embeddable":true,"href":"https:\/\/westgem.shop\/fr\/wp-json\/wp\/v2\/product_tag?post=5023"}],"curies":[{"name":"wp","href":"https:\/\/api.w.org\/{rel}","templated":true}]}}