{"id":5032,"date":"2002-06-10T00:00:00","date_gmt":"2002-06-10T00:00:00","guid":{"rendered":"https:\/\/miners.rocks\/product\/rhodonit-russland\/"},"modified":"2020-05-19T17:03:28","modified_gmt":"2020-05-19T17:03:28","slug":"rhodonite-russie","status":"publish","type":"product","link":"https:\/\/westgem.shop\/fr\/produit\/rhodonite-russie\/","title":{"rendered":"RHODONITE - RUSSIE"},"content":{"rendered":"<p>RHODONITE RUSSE - Pierre brute de premi\u00e8re qualit\u00e9 avec une surface de coupe non polie.<\/p>\n<p>La RHODONITE est un silicate de mangan\u00e8se - les pierres aux tons rouges intenses sont rares.<\/p>\n<p>Cette pierre de tr\u00e8s bonne couleur provient de carri\u00e8res d\u00e9j\u00e0 abandonn\u00e9es \u00e0 Kusimovskoye - Magnitogorsk - URAL - RUSSIE<\/p>\n<p>Poids : 1,2 kilogramme Dimensions : 10,5 x 8 x 7 cm<\/p>\n<p>Il n'est plus possible d'obtenir du mat\u00e9riel de ce site.<\/p>","protected":false},"excerpt":{"rendered":"<p>RHODONITE RUSSE - Pierre brute de premi\u00e8re qualit\u00e9 avec une surface de coupe non polie. La RHODONITE est un silicate de mangan\u00e8se - les pierres aux tons rouges intenses sont rares. Cette pierre de tr\u00e8s bonne couleur provient de mines d\u00e9j\u00e0 abandonn\u00e9es \u00e0 Kusimovskoye - Magnitogorsk - URAL - RUSSIE Poids : 1,2 kilogramme Dimensions : 10,5 x 8 x 7 cm Il n'y a pas d'autres [...].<\/p>","protected":false},"featured_media":5033,"template":"","meta":{"_acf_changed":false},"region":[],"product_brand":[],"product_cat":[15],"product_tag":[],"class_list":{"0":"post-5032","1":"product","2":"type-product","3":"status-publish","4":"has-post-thumbnail","6":"product_cat-mineralien","8":"first","9":"outofstock","10":"sold-individually","11":"product-type-simple"},"acf":[],"_links":{"self":[{"href":"https:\/\/westgem.shop\/fr\/wp-json\/wp\/v2\/product\/5032","targetHints":{"allow":["GET"]}}],"collection":[{"href":"https:\/\/westgem.shop\/fr\/wp-json\/wp\/v2\/product"}],"about":[{"href":"https:\/\/westgem.shop\/fr\/wp-json\/wp\/v2\/types\/product"}],"wp:featuredmedia":[{"embeddable":true,"href":"https:\/\/westgem.shop\/fr\/wp-json\/wp\/v2\/media\/5033"}],"wp:attachment":[{"href":"https:\/\/westgem.shop\/fr\/wp-json\/wp\/v2\/media?parent=5032"}],"wp:term":[{"taxonomy":"region","embeddable":true,"href":"https:\/\/westgem.shop\/fr\/wp-json\/wp\/v2\/region?post=5032"},{"taxonomy":"product_brand","embeddable":true,"href":"https:\/\/westgem.shop\/fr\/wp-json\/wp\/v2\/product_brand?post=5032"},{"taxonomy":"product_cat","embeddable":true,"href":"https:\/\/westgem.shop\/fr\/wp-json\/wp\/v2\/product_cat?post=5032"},{"taxonomy":"product_tag","embeddable":true,"href":"https:\/\/westgem.shop\/fr\/wp-json\/wp\/v2\/product_tag?post=5032"}],"curies":[{"name":"wp","href":"https:\/\/api.w.org\/{rel}","templated":true}]}}