{"id":5046,"date":"2002-06-13T00:00:00","date_gmt":"2002-06-13T00:00:00","guid":{"rendered":"https:\/\/miners.rocks\/product\/sugilith-roh\/"},"modified":"2020-05-19T17:03:29","modified_gmt":"2020-05-19T17:03:29","slug":"sugilite-brute","status":"publish","type":"product","link":"https:\/\/westgem.shop\/fr\/produit\/sugilite-brute\/","title":{"rendered":"SUGILITH - Brut"},"content":{"rendered":"<p>De la mine WESSELS \u00e0 KURUMAN - Afrique du Sud<\/p>\n<p>SUGILITH - cru avec une surface de coupe sci\u00e9e et avec des MANGANERZ noirs.<\/p>\n<p>Mouill\u00e9 ou poli avec de belles couleurs de mangenta.<\/p>\n<p>Poids : 100 g Dimensions : 6,5 x 5 x 2,5 cm<\/p>","protected":false},"excerpt":{"rendered":"<p>De la mine WESSELS \u00e0 KURUMAN - Afrique du Sud SUGILITH - Brut avec une surface de coupe sci\u00e9e et avec du MANGANERZ noir. Mouill\u00e9e ou polie avec de belles couleurs de mangenta. Poids : 100 g Dimensions : 6,5 x 5 x 2,5 cm<\/p>","protected":false},"featured_media":5047,"template":"","meta":{"_acf_changed":false},"region":[],"product_brand":[],"product_cat":[15],"product_tag":[],"class_list":{"0":"post-5046","1":"product","2":"type-product","3":"status-publish","4":"has-post-thumbnail","6":"product_cat-mineralien","8":"first","9":"outofstock","10":"sold-individually","11":"product-type-simple"},"acf":[],"_links":{"self":[{"href":"https:\/\/westgem.shop\/fr\/wp-json\/wp\/v2\/product\/5046","targetHints":{"allow":["GET"]}}],"collection":[{"href":"https:\/\/westgem.shop\/fr\/wp-json\/wp\/v2\/product"}],"about":[{"href":"https:\/\/westgem.shop\/fr\/wp-json\/wp\/v2\/types\/product"}],"wp:featuredmedia":[{"embeddable":true,"href":"https:\/\/westgem.shop\/fr\/wp-json\/wp\/v2\/media\/5047"}],"wp:attachment":[{"href":"https:\/\/westgem.shop\/fr\/wp-json\/wp\/v2\/media?parent=5046"}],"wp:term":[{"taxonomy":"region","embeddable":true,"href":"https:\/\/westgem.shop\/fr\/wp-json\/wp\/v2\/region?post=5046"},{"taxonomy":"product_brand","embeddable":true,"href":"https:\/\/westgem.shop\/fr\/wp-json\/wp\/v2\/product_brand?post=5046"},{"taxonomy":"product_cat","embeddable":true,"href":"https:\/\/westgem.shop\/fr\/wp-json\/wp\/v2\/product_cat?post=5046"},{"taxonomy":"product_tag","embeddable":true,"href":"https:\/\/westgem.shop\/fr\/wp-json\/wp\/v2\/product_tag?post=5046"}],"curies":[{"name":"wp","href":"https:\/\/api.w.org\/{rel}","templated":true}]}}