{"id":505,"date":"2000-02-20T00:00:00","date_gmt":"2000-02-20T00:00:00","guid":{"rendered":"https:\/\/miners.rocks\/product\/83\/"},"modified":"2020-05-19T16:55:36","modified_gmt":"2020-05-19T16:55:36","slug":"agate-couleur-naturelle","status":"publish","type":"product","link":"https:\/\/westgem.shop\/fr\/produit\/agate-couleur-naturelle\/","title":{"rendered":"Agate - couleur naturelle"},"content":{"rendered":"<p>Grande plaque d'agate polie sur les deux faces, avec de superbes motifs et une cavit\u00e9 centrale, orn\u00e9e de petits quartz xx brillants.<\/p>\n<p>Poids : 0,5 kg Dimensions : 24 x 16 x 0,6 cm<\/p>\n<p>localisation de la trouvaille : Rio Grande do Sul - Br\u00e9sil<\/p>","protected":false},"excerpt":{"rendered":"<p>Grande plaque d'agate polie sur les deux faces, avec de superbes motifs et une cavit\u00e9 centrale, parsem\u00e9e de petits quartz xx brillants. Poids : 0.5 kg Dimensions : 24 x 16 x 0,6 cm Lieu de d\u00e9couverte : Rio Grande do Sul - Br\u00e9sil<\/p>","protected":false},"featured_media":506,"template":"","meta":{"_acf_changed":false},"region":[],"product_brand":[],"product_cat":[15],"product_tag":[],"class_list":{"0":"post-505","1":"product","2":"type-product","3":"status-publish","4":"has-post-thumbnail","6":"product_cat-mineralien","8":"first","9":"outofstock","10":"sold-individually","11":"product-type-simple"},"acf":[],"_links":{"self":[{"href":"https:\/\/westgem.shop\/fr\/wp-json\/wp\/v2\/product\/505","targetHints":{"allow":["GET"]}}],"collection":[{"href":"https:\/\/westgem.shop\/fr\/wp-json\/wp\/v2\/product"}],"about":[{"href":"https:\/\/westgem.shop\/fr\/wp-json\/wp\/v2\/types\/product"}],"wp:featuredmedia":[{"embeddable":true,"href":"https:\/\/westgem.shop\/fr\/wp-json\/wp\/v2\/media\/506"}],"wp:attachment":[{"href":"https:\/\/westgem.shop\/fr\/wp-json\/wp\/v2\/media?parent=505"}],"wp:term":[{"taxonomy":"region","embeddable":true,"href":"https:\/\/westgem.shop\/fr\/wp-json\/wp\/v2\/region?post=505"},{"taxonomy":"product_brand","embeddable":true,"href":"https:\/\/westgem.shop\/fr\/wp-json\/wp\/v2\/product_brand?post=505"},{"taxonomy":"product_cat","embeddable":true,"href":"https:\/\/westgem.shop\/fr\/wp-json\/wp\/v2\/product_cat?post=505"},{"taxonomy":"product_tag","embeddable":true,"href":"https:\/\/westgem.shop\/fr\/wp-json\/wp\/v2\/product_tag?post=505"}],"curies":[{"name":"wp","href":"https:\/\/api.w.org\/{rel}","templated":true}]}}