{"id":5050,"date":"2002-06-14T00:00:00","date_gmt":"2002-06-14T00:00:00","guid":{"rendered":"https:\/\/miners.rocks\/product\/malachit-kongo-6\/"},"modified":"2020-05-19T17:03:30","modified_gmt":"2020-05-19T17:03:30","slug":"malachite-congo-6","status":"publish","type":"product","link":"https:\/\/westgem.shop\/fr\/produit\/malachite-congo-6\/","title":{"rendered":"Malachite - Congo"},"content":{"rendered":"<p>Belle malachite ROH - en grappe, surface botrodiale avec un \u00e9clat soyeux.<\/p>\n<p>Cette pi\u00e8ce provient de la mine de RUASHI au Congo<\/p>\n<p>Poids : 300 g Dimensions : 10 x 8 x 3 cm<\/p>\n<p>L'image 2 montre la face arri\u00e8re<\/p>","protected":false},"excerpt":{"rendered":"<p>Belle malachite ROH - sillonn\u00e9e, surface botrodiale avec un \u00e9clat soyeux. Cette pi\u00e8ce provient de la mine de RUASHI au Congo Poids : 300 g Dimensions : 10 x 8 x 3 cm La photo 2 montre le verso<\/p>","protected":false},"featured_media":5051,"template":"","meta":{"_acf_changed":false},"region":[],"product_brand":[],"product_cat":[15],"product_tag":[],"class_list":{"0":"post-5050","1":"product","2":"type-product","3":"status-publish","4":"has-post-thumbnail","6":"product_cat-mineralien","8":"first","9":"outofstock","10":"sold-individually","11":"product-type-simple"},"acf":[],"_links":{"self":[{"href":"https:\/\/westgem.shop\/fr\/wp-json\/wp\/v2\/product\/5050","targetHints":{"allow":["GET"]}}],"collection":[{"href":"https:\/\/westgem.shop\/fr\/wp-json\/wp\/v2\/product"}],"about":[{"href":"https:\/\/westgem.shop\/fr\/wp-json\/wp\/v2\/types\/product"}],"wp:featuredmedia":[{"embeddable":true,"href":"https:\/\/westgem.shop\/fr\/wp-json\/wp\/v2\/media\/5051"}],"wp:attachment":[{"href":"https:\/\/westgem.shop\/fr\/wp-json\/wp\/v2\/media?parent=5050"}],"wp:term":[{"taxonomy":"region","embeddable":true,"href":"https:\/\/westgem.shop\/fr\/wp-json\/wp\/v2\/region?post=5050"},{"taxonomy":"product_brand","embeddable":true,"href":"https:\/\/westgem.shop\/fr\/wp-json\/wp\/v2\/product_brand?post=5050"},{"taxonomy":"product_cat","embeddable":true,"href":"https:\/\/westgem.shop\/fr\/wp-json\/wp\/v2\/product_cat?post=5050"},{"taxonomy":"product_tag","embeddable":true,"href":"https:\/\/westgem.shop\/fr\/wp-json\/wp\/v2\/product_tag?post=5050"}],"curies":[{"name":"wp","href":"https:\/\/api.w.org\/{rel}","templated":true}]}}