{"id":5054,"date":"2002-06-15T00:00:00","date_gmt":"2002-06-15T00:00:00","guid":{"rendered":"https:\/\/miners.rocks\/product\/bergkristall-xx-mount-ida-2\/"},"modified":"2020-05-19T17:03:30","modified_gmt":"2020-05-19T17:03:30","slug":"cristal-de-roche-xx-mount-ida-2","status":"publish","type":"product","link":"https:\/\/westgem.shop\/fr\/produit\/cristal-de-roche-xx-mount-ida-2\/","title":{"rendered":"BERGKRISTALL xx - Mont IDA"},"content":{"rendered":"<p>Superbe marche en CRISTAL DE MONTAGNE provenant du c\u00e9l\u00e8bre site du Mont IDA \u00e0 HOT SPRINGS - ARKANSAS - USA<\/p>\n<p>Poids : 210 g Dimensions : 14 x 7 x 5 cm<\/p>","protected":false},"excerpt":{"rendered":"<p>Superbe marche en CRISTAL DE MONTAGNE provenant du c\u00e9l\u00e8bre site du Mont IDA \u00e0 HOT SPRINGS - ARKANSAS - USA Poids : 210 g Dimensions : 14 x 7 x 5 cm<\/p>","protected":false},"featured_media":5055,"template":"","meta":{"_acf_changed":false},"region":[],"product_brand":[],"product_cat":[15],"product_tag":[],"class_list":{"0":"post-5054","1":"product","2":"type-product","3":"status-publish","4":"has-post-thumbnail","6":"product_cat-mineralien","8":"first","9":"outofstock","10":"sold-individually","11":"product-type-simple"},"acf":[],"_links":{"self":[{"href":"https:\/\/westgem.shop\/fr\/wp-json\/wp\/v2\/product\/5054","targetHints":{"allow":["GET"]}}],"collection":[{"href":"https:\/\/westgem.shop\/fr\/wp-json\/wp\/v2\/product"}],"about":[{"href":"https:\/\/westgem.shop\/fr\/wp-json\/wp\/v2\/types\/product"}],"wp:featuredmedia":[{"embeddable":true,"href":"https:\/\/westgem.shop\/fr\/wp-json\/wp\/v2\/media\/5055"}],"wp:attachment":[{"href":"https:\/\/westgem.shop\/fr\/wp-json\/wp\/v2\/media?parent=5054"}],"wp:term":[{"taxonomy":"region","embeddable":true,"href":"https:\/\/westgem.shop\/fr\/wp-json\/wp\/v2\/region?post=5054"},{"taxonomy":"product_brand","embeddable":true,"href":"https:\/\/westgem.shop\/fr\/wp-json\/wp\/v2\/product_brand?post=5054"},{"taxonomy":"product_cat","embeddable":true,"href":"https:\/\/westgem.shop\/fr\/wp-json\/wp\/v2\/product_cat?post=5054"},{"taxonomy":"product_tag","embeddable":true,"href":"https:\/\/westgem.shop\/fr\/wp-json\/wp\/v2\/product_tag?post=5054"}],"curies":[{"name":"wp","href":"https:\/\/api.w.org\/{rel}","templated":true}]}}