{"id":5058,"date":"2002-06-16T00:00:00","date_gmt":"2002-06-16T00:00:00","guid":{"rendered":"https:\/\/miners.rocks\/product\/gruener-granat-grossular\/"},"modified":"2020-05-19T17:03:31","modified_gmt":"2020-05-19T17:03:31","slug":"grenat-vert-grossissant","status":"publish","type":"product","link":"https:\/\/westgem.shop\/fr\/produit\/grenat-vert-grossissant\/","title":{"rendered":"GRANAT vert - GROSSULAR"},"content":{"rendered":"<p>Une pierre pr\u00e9cieuse rare :<\/p>\n<p><u>GRANAT vert Var. Grossular<\/u><\/p>\n<p>La pierre est perc\u00e9e ontop et munie d'un anneau de pendentif en argent sterling - 14 ct. plaqu\u00e9 or dur, et fix\u00e9 par une goupille DANS la pierre.<\/p>\n<p>Le GRANAT est de COULEUR NATURELLE, taill\u00e9 en spirale et poli \u00e0 Idar Oberstein.<\/p>\n<p>Les pierres ont \u00e9t\u00e9 trouv\u00e9es dans la r\u00e9gion de KAYES au MALI - AFRIQUE.<\/p>\n<p>Contenu de la livraison : pierre pr\u00e9cieuse avec \u0153illet pour pendentif, collier en caoutchouc avec fermoir en argent, bo\u00eete pour le collier et description de la pierre.<\/p>","protected":false},"excerpt":{"rendered":"<p>Rare pierre pr\u00e9cieuse : GRANAT vert Var. Grossular La pierre est perc\u00e9e sur le dessus et munie d'un anneau de pendentif en argent sterling - 14 ct. plaqu\u00e9 or dur, et fix\u00e9 par une broche DANS la pierre. Le GRANAT est de COULEUR NATURELLE, taill\u00e9 en spirale et poli \u00e0 Idar Oberstein. Le lieu de d\u00e9couverte des pierres est la r\u00e9gion de KAYES au MALI - AFRIQUE Livraison : pierre pr\u00e9cieuse avec \u0153illet de pendentif, caoutchouc [...].<\/p>","protected":false},"featured_media":5059,"template":"","meta":{"_acf_changed":false},"region":[],"product_brand":[],"product_cat":[15],"product_tag":[],"class_list":{"0":"post-5058","1":"product","2":"type-product","3":"status-publish","4":"has-post-thumbnail","6":"product_cat-mineralien","8":"first","9":"outofstock","10":"sold-individually","11":"product-type-simple"},"acf":[],"_links":{"self":[{"href":"https:\/\/westgem.shop\/fr\/wp-json\/wp\/v2\/product\/5058","targetHints":{"allow":["GET"]}}],"collection":[{"href":"https:\/\/westgem.shop\/fr\/wp-json\/wp\/v2\/product"}],"about":[{"href":"https:\/\/westgem.shop\/fr\/wp-json\/wp\/v2\/types\/product"}],"wp:featuredmedia":[{"embeddable":true,"href":"https:\/\/westgem.shop\/fr\/wp-json\/wp\/v2\/media\/5059"}],"wp:attachment":[{"href":"https:\/\/westgem.shop\/fr\/wp-json\/wp\/v2\/media?parent=5058"}],"wp:term":[{"taxonomy":"region","embeddable":true,"href":"https:\/\/westgem.shop\/fr\/wp-json\/wp\/v2\/region?post=5058"},{"taxonomy":"product_brand","embeddable":true,"href":"https:\/\/westgem.shop\/fr\/wp-json\/wp\/v2\/product_brand?post=5058"},{"taxonomy":"product_cat","embeddable":true,"href":"https:\/\/westgem.shop\/fr\/wp-json\/wp\/v2\/product_cat?post=5058"},{"taxonomy":"product_tag","embeddable":true,"href":"https:\/\/westgem.shop\/fr\/wp-json\/wp\/v2\/product_tag?post=5058"}],"curies":[{"name":"wp","href":"https:\/\/api.w.org\/{rel}","templated":true}]}}