{"id":5061,"date":"2002-06-17T00:00:00","date_gmt":"2002-06-17T00:00:00","guid":{"rendered":"https:\/\/miners.rocks\/product\/wulfenit-xx-bleiberg-kaernten\/"},"modified":"2020-05-19T17:03:31","modified_gmt":"2020-05-19T17:03:31","slug":"wulfenit-xx-bleiberg-kaernten","status":"publish","type":"product","link":"https:\/\/westgem.shop\/fr\/produit\/wulfenit-xx-bleiberg-kaernten\/","title":{"rendered":"WULFENIT xx - BLEIBERG\/K\u00c4RNTEN"},"content":{"rendered":"<p>De Collection Ancienne - WULFENIT = GELBBLEIERZ Niveau de TYPLOKALIT\u00c9 - BLEIBERG\/KREUTH<\/p>\n<p> Franz Xaver Freiherr von Wulfen a identifi\u00e9 ce min\u00e9ral pour la premi\u00e8re fois en 1785 comme \"Bleyspath\" de Carinthie. Plus tard, ce min\u00e9ral MOLYBD\u00e4N BLEI a \u00e9t\u00e9 nomm\u00e9 d'apr\u00e8s Wulfen.<\/p>\n<p>Il existe bien s\u00fbr aujourd'hui des WULFENITE provenant de stocks en Namibie, au Mexique, aux USA....  SEULEMENT BLEIBERG est la TYPLOCALIT\u00c9 et les WULFENITE d'ici ont une toute autre valeur pour les collectionneurs. !<\/p>\n<p>Ce niveau aux couleurs orang\u00e9es typiques et aux beaux cristaux provient de la mine STEFANIE, c'est ici que l'on a trouv\u00e9 les meilleures WULFENITES, mais aussi de mani\u00e8re sporadique, souvent pendant des ann\u00e9es RIEN: !<\/p>\n<p>PRIX SP\u00c9CIAL EN LIGNE !<\/p>\n<p>Les cristaux de WULFENIT sont irr\u00e9guliers et ont pouss\u00e9 sur du calcaire m\u00e9t\u00e9oritique blanchi.<\/p>\n<p>Poids : 560 g Dim:^12 x 7 x 7,5 cm<\/p>","protected":false},"excerpt":{"rendered":"<p>De l'ancienne collection - WULFENIT = GELBBLEIERZ Niveau de la TYPLOCALIT\u00c9 - BLEIBERG\/KREUTH Franz Xaver Freiherr von Wulfen a d\u00e9termin\u00e9 ce min\u00e9ral pour la premi\u00e8re fois en 1785 comme \"Bleyspath\" de Carinthie. Plus tard, ce min\u00e9ral MOLYBD\u00e4N BLEI a \u00e9t\u00e9 nomm\u00e9 d'apr\u00e8s Wulfen. Il existe bien s\u00fbr aujourd'hui des WULFENITE provenant de gisements en Namibie, au Mexique, aux USA.... Seule BLEIBERG est la TYPLOCALIT\u00c9 et WULFENITE d'ici [...].<\/p>","protected":false},"featured_media":5062,"template":"","meta":{"_acf_changed":false},"region":[],"product_brand":[],"product_cat":[15],"product_tag":[],"class_list":{"0":"post-5061","1":"product","2":"type-product","3":"status-publish","4":"has-post-thumbnail","6":"product_cat-mineralien","8":"first","9":"outofstock","10":"sold-individually","11":"product-type-simple"},"acf":[],"_links":{"self":[{"href":"https:\/\/westgem.shop\/fr\/wp-json\/wp\/v2\/product\/5061","targetHints":{"allow":["GET"]}}],"collection":[{"href":"https:\/\/westgem.shop\/fr\/wp-json\/wp\/v2\/product"}],"about":[{"href":"https:\/\/westgem.shop\/fr\/wp-json\/wp\/v2\/types\/product"}],"wp:featuredmedia":[{"embeddable":true,"href":"https:\/\/westgem.shop\/fr\/wp-json\/wp\/v2\/media\/5062"}],"wp:attachment":[{"href":"https:\/\/westgem.shop\/fr\/wp-json\/wp\/v2\/media?parent=5061"}],"wp:term":[{"taxonomy":"region","embeddable":true,"href":"https:\/\/westgem.shop\/fr\/wp-json\/wp\/v2\/region?post=5061"},{"taxonomy":"product_brand","embeddable":true,"href":"https:\/\/westgem.shop\/fr\/wp-json\/wp\/v2\/product_brand?post=5061"},{"taxonomy":"product_cat","embeddable":true,"href":"https:\/\/westgem.shop\/fr\/wp-json\/wp\/v2\/product_cat?post=5061"},{"taxonomy":"product_tag","embeddable":true,"href":"https:\/\/westgem.shop\/fr\/wp-json\/wp\/v2\/product_tag?post=5061"}],"curies":[{"name":"wp","href":"https:\/\/api.w.org\/{rel}","templated":true}]}}