{"id":5068,"date":"2002-06-18T00:00:00","date_gmt":"2002-06-18T00:00:00","guid":{"rendered":"https:\/\/miners.rocks\/product\/muschelmarmor-bleiberg\/"},"modified":"2020-05-19T17:03:32","modified_gmt":"2020-05-19T17:03:32","slug":"marbre-coquillage-bleiberg","status":"publish","type":"product","link":"https:\/\/westgem.shop\/fr\/produit\/marbre-coquillage-bleiberg\/","title":{"rendered":"MARBRE COQUILLAGE - BLEIBERG"},"content":{"rendered":"<p>Il n'y avait qu'UNE seule pi\u00e8ce dans cette collection et m\u00eame cela fait sensation, car pratiquement PERSONNE n'en a plus. Le MUSCHELMARMOR de Bleiberg n'a \u00e9t\u00e9 trouv\u00e9 qu'une seule fois, en 1780, \u00e0 OSWALDISTOLLEN. WULFEN a qualifi\u00e9 ce MARBRE DE MUSCULES OPALISANT d'\"helmintholite \u00e0 queue de paon de Carinthie\". A l'\u00e9poque, ce MARBRE DE MUSCULES n'a \u00e9t\u00e9 trouv\u00e9 que pendant 3 ans, puis ce fut la fin, c'est-\u00e0-dire en 1783 !<\/p>\n<p>Des objets d'art ont \u00e9t\u00e9 fabriqu\u00e9s \u00e0 partir de ce mat\u00e9riau et livr\u00e9s jusqu'\u00e0 la cour du tsar en Russie.<\/p>\n<p>Nous n'en avions que 2 ces derni\u00e8res ann\u00e9es, maintenant c'est le 3e. Est-ce qu'un autre morceau appara\u00eetra un jour quelque part ? HAUTEMENT PAS !<\/p>\n<p>La demande est \u00e9norme et les collectionneurs devraient sauter sur l'occasion RASCH.<\/p>\n<p>Poids : 115 g Dimensions : 8,5 x 7,5 x 2 cm<\/p>\n<p>L'image 3 est la face arri\u00e8re.<\/p>","protected":false},"excerpt":{"rendered":"<p>Il n'y avait qu'UNE seule pi\u00e8ce dans cette collection et m\u00eame cela fait sensation, car pratiquement PERSONNE n'en a plus. Le MUSCHELMARMOR de Bleiberg n'a \u00e9t\u00e9 trouv\u00e9 qu'une seule fois, en 1780, \u00e0 OSWALDISTOLLEN. WULFEN a qualifi\u00e9 ce MARBRE DE MUSCULES OPALISANT d'\"helmintholite \u00e0 queue de paon de Carinthie\". Il n'a \u00e9t\u00e9 utilis\u00e9 \u00e0 l'\u00e9poque que pendant 3 ans [...].<\/p>","protected":false},"featured_media":5069,"template":"","meta":{"_acf_changed":false},"region":[],"product_brand":[],"product_cat":[15],"product_tag":[],"class_list":{"0":"post-5068","1":"product","2":"type-product","3":"status-publish","4":"has-post-thumbnail","6":"product_cat-mineralien","8":"first","9":"outofstock","10":"sold-individually","11":"product-type-simple"},"acf":[],"_links":{"self":[{"href":"https:\/\/westgem.shop\/fr\/wp-json\/wp\/v2\/product\/5068","targetHints":{"allow":["GET"]}}],"collection":[{"href":"https:\/\/westgem.shop\/fr\/wp-json\/wp\/v2\/product"}],"about":[{"href":"https:\/\/westgem.shop\/fr\/wp-json\/wp\/v2\/types\/product"}],"wp:featuredmedia":[{"embeddable":true,"href":"https:\/\/westgem.shop\/fr\/wp-json\/wp\/v2\/media\/5069"}],"wp:attachment":[{"href":"https:\/\/westgem.shop\/fr\/wp-json\/wp\/v2\/media?parent=5068"}],"wp:term":[{"taxonomy":"region","embeddable":true,"href":"https:\/\/westgem.shop\/fr\/wp-json\/wp\/v2\/region?post=5068"},{"taxonomy":"product_brand","embeddable":true,"href":"https:\/\/westgem.shop\/fr\/wp-json\/wp\/v2\/product_brand?post=5068"},{"taxonomy":"product_cat","embeddable":true,"href":"https:\/\/westgem.shop\/fr\/wp-json\/wp\/v2\/product_cat?post=5068"},{"taxonomy":"product_tag","embeddable":true,"href":"https:\/\/westgem.shop\/fr\/wp-json\/wp\/v2\/product_tag?post=5068"}],"curies":[{"name":"wp","href":"https:\/\/api.w.org\/{rel}","templated":true}]}}