{"id":5074,"date":"2002-06-19T00:00:00","date_gmt":"2002-06-19T00:00:00","guid":{"rendered":"https:\/\/miners.rocks\/product\/hemimorphit-xx-galenit-bleiberg\/"},"modified":"2020-05-19T17:03:34","modified_gmt":"2020-05-19T17:03:34","slug":"hemimorphite-xx-galenite-bleiberg","status":"publish","type":"product","link":"https:\/\/westgem.shop\/fr\/produit\/hemimorphite-xx-galenite-bleiberg\/","title":{"rendered":"HEMIMORPHIT xx GALENIT - BLEIBERG"},"content":{"rendered":"<p>De l'ancienne COLLECTION BLEIBERG - <\/p>\n<p>HEMIMORPHIT xx - GALENITES SILV\u00c9R\u00c9ES sur GALENITES MASSIVES - BLEIGLANZ<\/p>\n<p>D'innombrables cristaux tabulaires \u00e0 l'\u00e9clat typique du diamant sur une roche m\u00e8re massive avec des blendes brillantes de galenite et de SPHALERITE - zinc.<\/p>\n<p>Niveau TYPE BLEIBERGER de la 'mine STEFANIE<\/p>\n<p>BLEIBERG\/KREUTH - Carinthie<\/p>\n<p>Poids<u>2,1 KILOGRAMMES<\/u>    Dimensions : 10 x 10 x 10 cm<\/p>","protected":false},"excerpt":{"rendered":"<p>Provenant de l'ancienne COLLECTION BLEIBERG - HEMIMORPHITE xx - ZINC CIELLAIRE sur GALENITE massive - BLEIGLANZ Innombrables cristaux tabulaires avec l'\u00e9clat typique du diamant sur roche m\u00e8re massive avec GALENITE et SPHALERITE brillantes - blende de zinc. \u00c9tape TYPIQUE BLEIBERGER de la 'mine STEFANIE BLEIBERG\/KREUTH - Carinthie Poids : 2,1 KILOGRAMME Dimensions : 10 x 10 x 10 cm<\/p>","protected":false},"featured_media":5075,"template":"","meta":{"_acf_changed":false},"region":[],"product_brand":[],"product_cat":[15],"product_tag":[],"class_list":{"0":"post-5074","1":"product","2":"type-product","3":"status-publish","4":"has-post-thumbnail","6":"product_cat-mineralien","8":"first","9":"outofstock","10":"sold-individually","11":"product-type-simple"},"acf":[],"_links":{"self":[{"href":"https:\/\/westgem.shop\/fr\/wp-json\/wp\/v2\/product\/5074","targetHints":{"allow":["GET"]}}],"collection":[{"href":"https:\/\/westgem.shop\/fr\/wp-json\/wp\/v2\/product"}],"about":[{"href":"https:\/\/westgem.shop\/fr\/wp-json\/wp\/v2\/types\/product"}],"wp:featuredmedia":[{"embeddable":true,"href":"https:\/\/westgem.shop\/fr\/wp-json\/wp\/v2\/media\/5075"}],"wp:attachment":[{"href":"https:\/\/westgem.shop\/fr\/wp-json\/wp\/v2\/media?parent=5074"}],"wp:term":[{"taxonomy":"region","embeddable":true,"href":"https:\/\/westgem.shop\/fr\/wp-json\/wp\/v2\/region?post=5074"},{"taxonomy":"product_brand","embeddable":true,"href":"https:\/\/westgem.shop\/fr\/wp-json\/wp\/v2\/product_brand?post=5074"},{"taxonomy":"product_cat","embeddable":true,"href":"https:\/\/westgem.shop\/fr\/wp-json\/wp\/v2\/product_cat?post=5074"},{"taxonomy":"product_tag","embeddable":true,"href":"https:\/\/westgem.shop\/fr\/wp-json\/wp\/v2\/product_tag?post=5074"}],"curies":[{"name":"wp","href":"https:\/\/api.w.org\/{rel}","templated":true}]}}