{"id":508,"date":"2000-02-21T00:00:00","date_gmt":"2000-02-21T00:00:00","guid":{"rendered":"https:\/\/miners.rocks\/product\/84\/"},"modified":"2020-05-19T16:55:36","modified_gmt":"2020-05-19T16:55:36","slug":"quartz-rose-de-madagascar-aa","status":"publish","type":"product","link":"https:\/\/westgem.shop\/fr\/produit\/quartz-rose-de-madagascar-aa\/","title":{"rendered":"Quartz rose de Madagascar AA"},"content":{"rendered":"<p>Tr\u00e8s grand c\u0153ur taill\u00e9 et poli \u00e0 la main, fabriqu\u00e9 \u00e0 partir d'une mati\u00e8re premi\u00e8re de premi\u00e8re qualit\u00e9, transparent, cristallin et de tr\u00e8s bonne couleur.<\/p>\n<p>Poids : 590 g (0,59 kg )<\/p>\n<p>Dimensions : 10.5 x 10,5 x 4 cm<\/p>\n<p>localisation de la trouvaille : Mine d'Ambojabao - Antananarivo - Madagascar<\/p>","protected":false},"excerpt":{"rendered":"<p>C\u0153ur taill\u00e9 et poli \u00e0 la main, tr\u00e8s grand, en mati\u00e8re premi\u00e8re de premi\u00e8re qualit\u00e9, transparent, cristallin, de tr\u00e8s bonne couleur Poids : 590 g (0,59 kg ) Dimensions : 10.5 x 10,5 x 4 cm Lieu de d\u00e9couverte : Mine d'Ambojabao - Antananarivo - Madagascar<\/p>","protected":false},"featured_media":509,"template":"","meta":{"_acf_changed":false},"region":[],"product_brand":[],"product_cat":[15],"product_tag":[],"class_list":{"0":"post-508","1":"product","2":"type-product","3":"status-publish","4":"has-post-thumbnail","6":"product_cat-mineralien","8":"first","9":"outofstock","10":"sold-individually","11":"product-type-simple"},"acf":[],"_links":{"self":[{"href":"https:\/\/westgem.shop\/fr\/wp-json\/wp\/v2\/product\/508","targetHints":{"allow":["GET"]}}],"collection":[{"href":"https:\/\/westgem.shop\/fr\/wp-json\/wp\/v2\/product"}],"about":[{"href":"https:\/\/westgem.shop\/fr\/wp-json\/wp\/v2\/types\/product"}],"wp:featuredmedia":[{"embeddable":true,"href":"https:\/\/westgem.shop\/fr\/wp-json\/wp\/v2\/media\/509"}],"wp:attachment":[{"href":"https:\/\/westgem.shop\/fr\/wp-json\/wp\/v2\/media?parent=508"}],"wp:term":[{"taxonomy":"region","embeddable":true,"href":"https:\/\/westgem.shop\/fr\/wp-json\/wp\/v2\/region?post=508"},{"taxonomy":"product_brand","embeddable":true,"href":"https:\/\/westgem.shop\/fr\/wp-json\/wp\/v2\/product_brand?post=508"},{"taxonomy":"product_cat","embeddable":true,"href":"https:\/\/westgem.shop\/fr\/wp-json\/wp\/v2\/product_cat?post=508"},{"taxonomy":"product_tag","embeddable":true,"href":"https:\/\/westgem.shop\/fr\/wp-json\/wp\/v2\/product_tag?post=508"}],"curies":[{"name":"wp","href":"https:\/\/api.w.org\/{rel}","templated":true}]}}