{"id":5081,"date":"2002-06-20T00:00:00","date_gmt":"2002-06-20T00:00:00","guid":{"rendered":"https:\/\/miners.rocks\/product\/cyanit-xx-disthen-kaunertal\/"},"modified":"2020-05-19T17:03:34","modified_gmt":"2020-05-19T17:03:34","slug":"cyanite-xx-disthen-kaunertal","status":"publish","type":"product","link":"https:\/\/westgem.shop\/fr\/produit\/cyanite-xx-disthen-kaunertal\/","title":{"rendered":"CYANIT xx - DISTHENE - VALL\u00c9E DE KAUNERTAL"},"content":{"rendered":"<p>Tr\u00e8s beau niveau avec plusieurs CYANIT xx bleues sur roche m\u00e8re Muscovite SCHIEFER.<\/p>\n<p>Le grand CRISTAL DISTHENE est magnifiquement transparent en lumi\u00e8re transmise.<\/p>\n<p>Cette pi\u00e8ce provient de la vall\u00e9e du KAUNERTAL, qui est une vall\u00e9e de haute montagne orient\u00e9e nord-sud dans les Alpes de l'\u00d6tztal au TIROL.<\/p>\n<p>Le lieu exact de la d\u00e9couverte n'est malheureusement pas connu, la marche a probablement \u00e9t\u00e9 trouv\u00e9e dans les ann\u00e9es 1960.<\/p>\n<p>Poids : 250 g Dimensions : 15 x 8 x 3 cm<\/p>","protected":false},"excerpt":{"rendered":"<p>Tr\u00e8s beau niveau avec plusieurs CYANITES xx bleues sur la roche m\u00e8re Muscovite SCHIEFER. Le grand CRISTAL DE DISTH\u00c8NE est magnifiquement transparent en lumi\u00e8re transmise. Cette pi\u00e8ce provient de la KAUNERTAL, une vall\u00e9e de haute montagne orient\u00e9e nord-sud dans les Alpes de l'\u00d6tztal au TIROL. Le lieu exact de la d\u00e9couverte n'est malheureusement pas connu, le niveau devrait avoir \u00e9t\u00e9 trouv\u00e9 dans les ann\u00e9es 1960 [...].<\/p>","protected":false},"featured_media":5082,"template":"","meta":{"_acf_changed":false},"region":[],"product_brand":[],"product_cat":[15],"product_tag":[],"class_list":{"0":"post-5081","1":"product","2":"type-product","3":"status-publish","4":"has-post-thumbnail","6":"product_cat-mineralien","8":"first","9":"outofstock","10":"sold-individually","11":"product-type-simple"},"acf":[],"_links":{"self":[{"href":"https:\/\/westgem.shop\/fr\/wp-json\/wp\/v2\/product\/5081","targetHints":{"allow":["GET"]}}],"collection":[{"href":"https:\/\/westgem.shop\/fr\/wp-json\/wp\/v2\/product"}],"about":[{"href":"https:\/\/westgem.shop\/fr\/wp-json\/wp\/v2\/types\/product"}],"wp:featuredmedia":[{"embeddable":true,"href":"https:\/\/westgem.shop\/fr\/wp-json\/wp\/v2\/media\/5082"}],"wp:attachment":[{"href":"https:\/\/westgem.shop\/fr\/wp-json\/wp\/v2\/media?parent=5081"}],"wp:term":[{"taxonomy":"region","embeddable":true,"href":"https:\/\/westgem.shop\/fr\/wp-json\/wp\/v2\/region?post=5081"},{"taxonomy":"product_brand","embeddable":true,"href":"https:\/\/westgem.shop\/fr\/wp-json\/wp\/v2\/product_brand?post=5081"},{"taxonomy":"product_cat","embeddable":true,"href":"https:\/\/westgem.shop\/fr\/wp-json\/wp\/v2\/product_cat?post=5081"},{"taxonomy":"product_tag","embeddable":true,"href":"https:\/\/westgem.shop\/fr\/wp-json\/wp\/v2\/product_tag?post=5081"}],"curies":[{"name":"wp","href":"https:\/\/api.w.org\/{rel}","templated":true}]}}