{"id":5086,"date":"2002-06-21T00:00:00","date_gmt":"2002-06-21T00:00:00","guid":{"rendered":"https:\/\/miners.rocks\/product\/loseyit-raritaet-bleiberg\/"},"modified":"2020-05-19T17:03:35","modified_gmt":"2020-05-19T17:03:35","slug":"loseyit-raritaet-bleiberg","status":"publish","type":"product","link":"https:\/\/westgem.shop\/fr\/produit\/loseyit-raritaet-bleiberg\/","title":{"rendered":"LOSEYIT - RARET\u00c9 BLEIBERG"},"content":{"rendered":"<p>LOSEYIT a \u00e9t\u00e9 initialement d\u00e9crit comme HYDROZINKIT en 1899, mais des \u00e9tudes ult\u00e9rieures de l'indice de r\u00e9fraction ont r\u00e9v\u00e9l\u00e9 qu'il s'agissait en fait du min\u00e9ral LOSEYIT.<\/p>\n<p>(Mn,Zn)7 (CO3)2(OH)10<\/p>\n<p>Nous n'avons que cette pi\u00e8ce, donc les collectionneurs sp\u00e9ciaux sont pri\u00e9s d'en profiter.<\/p>\n<p>Mine MAX - BLEIBERG\/KREUTH <\/p>\n<p>Poids : 380 g Dimensions : 12 x 5 x 8 cm     <\/p>","protected":false},"excerpt":{"rendered":"<p>LOSEYIT a \u00e9t\u00e9 initialement d\u00e9crit en 1899 comme HYDROZINCITE, mais des \u00e9tudes ult\u00e9rieures de l'indice de r\u00e9fraction ont r\u00e9v\u00e9l\u00e9 qu'il s'agissait en fait du min\u00e9ral LOSEYIT. (Mn,Zn)7 (CO3)2(OH)10 Nous n'avons que cette pi\u00e8ce, donc les collectionneurs sp\u00e9cialis\u00e9s sont pri\u00e9s de s'en emparer. Mine MAX - BLEIBERG\/KREUTH Poids : 380 g Dimensions : 12 x 5 x 8 cm<\/p>","protected":false},"featured_media":5087,"template":"","meta":{"_acf_changed":false},"region":[],"product_brand":[],"product_cat":[15],"product_tag":[],"class_list":{"0":"post-5086","1":"product","2":"type-product","3":"status-publish","4":"has-post-thumbnail","6":"product_cat-mineralien","8":"first","9":"outofstock","10":"sold-individually","11":"product-type-simple"},"acf":[],"_links":{"self":[{"href":"https:\/\/westgem.shop\/fr\/wp-json\/wp\/v2\/product\/5086","targetHints":{"allow":["GET"]}}],"collection":[{"href":"https:\/\/westgem.shop\/fr\/wp-json\/wp\/v2\/product"}],"about":[{"href":"https:\/\/westgem.shop\/fr\/wp-json\/wp\/v2\/types\/product"}],"wp:featuredmedia":[{"embeddable":true,"href":"https:\/\/westgem.shop\/fr\/wp-json\/wp\/v2\/media\/5087"}],"wp:attachment":[{"href":"https:\/\/westgem.shop\/fr\/wp-json\/wp\/v2\/media?parent=5086"}],"wp:term":[{"taxonomy":"region","embeddable":true,"href":"https:\/\/westgem.shop\/fr\/wp-json\/wp\/v2\/region?post=5086"},{"taxonomy":"product_brand","embeddable":true,"href":"https:\/\/westgem.shop\/fr\/wp-json\/wp\/v2\/product_brand?post=5086"},{"taxonomy":"product_cat","embeddable":true,"href":"https:\/\/westgem.shop\/fr\/wp-json\/wp\/v2\/product_cat?post=5086"},{"taxonomy":"product_tag","embeddable":true,"href":"https:\/\/westgem.shop\/fr\/wp-json\/wp\/v2\/product_tag?post=5086"}],"curies":[{"name":"wp","href":"https:\/\/api.w.org\/{rel}","templated":true}]}}