{"id":5101,"date":"2002-06-24T00:00:00","date_gmt":"2002-06-24T00:00:00","guid":{"rendered":"https:\/\/miners.rocks\/product\/gruener-wulfenit-xx-raritaet\/"},"modified":"2020-05-19T17:03:37","modified_gmt":"2020-05-19T17:03:37","slug":"wulfenit-verte-xx-rarete","status":"publish","type":"product","link":"https:\/\/westgem.shop\/fr\/produit\/wulfenit-verte-xx-rarete\/","title":{"rendered":"WULFENIT VERT xx - RARIT\u00c9"},"content":{"rendered":"<p>Top RARIT\u00c4T !<\/p>\n<p>\t\u00c9tape WULFENIT avec des cristaux de WULFENIT orange tabulaires avec de belles surfaces et des cristaux de WULFENIT h\u00e9mimorphes GRIS VERT, relativement grands, sur calcaire m\u00e9t\u00e9oritique d\u00e9color\u00e9.<\/p>\n<p>\tCe niveau, avec ces cristaux de WULFENIT gris-vert d\u00e9velopp\u00e9s par HEMIMORPH, provient probablement d'une tr\u00e8s ancienne d\u00e9couverte. De tels cristaux n'ont JAMAIS \u00e9t\u00e9 observ\u00e9s dans les gradins de WULFENIT connus de Bleiberg, d\u00e9couverts entre 1970 et 1986.<\/p>\n<p>\tDe la localit\u00e9 type de WULFENIT - BLEIBERG\/KREUTH<\/p>\n<p>\tGrube STEFANIE, 13e manche<\/p>\n<p>\n\tDe ces niveaux, il n'en existe que TR\u00c8S PEU: !<\/p>\n<p>\n\tPoids : 170 g Dimensions : 8,5 x 5,5 x 5 cm<\/p>","protected":false},"excerpt":{"rendered":"<p>Top RARIT\u00c4T ! \u00c9tape de WULFENIT avec des cristaux de WULFENIT orange tabulaires avec de belles surfaces et des cristaux de WULFENIT h\u00e9mimorphes GRIS VERT, relativement grands, sur du calcaire m\u00e9t\u00e9oritique d\u00e9color\u00e9. Ce niveau, avec ces cristaux de WULFENIT d\u00e9velopp\u00e9s en HEMIMORPH gris-vert, provient probablement d'une tr\u00e8s ancienne d\u00e9couverte. Les niveaux connus de WULFENIT de Bleiberg, d\u00e9couverts entre 1970 et 1986, pr\u00e9sentaient de tels [...].<\/p>","protected":false},"featured_media":5102,"template":"","meta":{"_acf_changed":false},"region":[],"product_brand":[],"product_cat":[15],"product_tag":[],"class_list":{"0":"post-5101","1":"product","2":"type-product","3":"status-publish","4":"has-post-thumbnail","6":"product_cat-mineralien","8":"first","9":"outofstock","10":"sold-individually","11":"product-type-simple"},"acf":[],"_links":{"self":[{"href":"https:\/\/westgem.shop\/fr\/wp-json\/wp\/v2\/product\/5101","targetHints":{"allow":["GET"]}}],"collection":[{"href":"https:\/\/westgem.shop\/fr\/wp-json\/wp\/v2\/product"}],"about":[{"href":"https:\/\/westgem.shop\/fr\/wp-json\/wp\/v2\/types\/product"}],"wp:featuredmedia":[{"embeddable":true,"href":"https:\/\/westgem.shop\/fr\/wp-json\/wp\/v2\/media\/5102"}],"wp:attachment":[{"href":"https:\/\/westgem.shop\/fr\/wp-json\/wp\/v2\/media?parent=5101"}],"wp:term":[{"taxonomy":"region","embeddable":true,"href":"https:\/\/westgem.shop\/fr\/wp-json\/wp\/v2\/region?post=5101"},{"taxonomy":"product_brand","embeddable":true,"href":"https:\/\/westgem.shop\/fr\/wp-json\/wp\/v2\/product_brand?post=5101"},{"taxonomy":"product_cat","embeddable":true,"href":"https:\/\/westgem.shop\/fr\/wp-json\/wp\/v2\/product_cat?post=5101"},{"taxonomy":"product_tag","embeddable":true,"href":"https:\/\/westgem.shop\/fr\/wp-json\/wp\/v2\/product_tag?post=5101"}],"curies":[{"name":"wp","href":"https:\/\/api.w.org\/{rel}","templated":true}]}}