{"id":5108,"date":"2002-06-25T00:00:00","date_gmt":"2002-06-25T00:00:00","guid":{"rendered":"https:\/\/miners.rocks\/product\/hochalpin-fluorit-xx-hohe-tauern\/"},"modified":"2020-05-19T17:03:38","modified_gmt":"2020-05-19T17:03:38","slug":"fluorite-de-haute-montagne-xx-hohe-tauern","status":"publish","type":"product","link":"https:\/\/westgem.shop\/fr\/produit\/fluorite-de-haute-montagne-xx-hohe-tauern\/","title":{"rendered":"Haute montagne FLUORIT xx - Hohe Tauern"},"content":{"rendered":"<p>Du sommet du Wei\u00dfeck \u00e0 2.711 m d'altitude dans les Hohe Tauern - SALZBURG - tr\u00e8s beau niveau de FLUORITE avec des cristaux zonaux violet clair \u00e0 violet fonc\u00e9.<\/p>\n<p> xx cubiques exacts sur roche m\u00e8re.<\/p>\n<p>Poids : 240 g Dimensions : 9 x 6x 4 cm<\/p>\n<p>L'avant-derni\u00e8re image montre le verso \u00e9galement avec xx.<\/p>","protected":false},"excerpt":{"rendered":"<p>Du sommet du Wei\u00dfeck \u00e0 2.711 m d'altitude dans les Hohe Tauern - SALZBURG - tr\u00e8s beau niveau de FLUORITE avec des cristaux zonaux violet clair \u00e0 violet fonc\u00e9. xx exactement cubiques sur roche m\u00e8re. Poids : 240 g Dimensions : 9 x 6x 4 cm L'avant-derni\u00e8re photo montre le verso \u00e9galement avec xx.<\/p>","protected":false},"featured_media":5109,"template":"","meta":{"_acf_changed":false},"region":[],"product_brand":[],"product_cat":[15],"product_tag":[],"class_list":{"0":"post-5108","1":"product","2":"type-product","3":"status-publish","4":"has-post-thumbnail","6":"product_cat-mineralien","8":"first","9":"outofstock","10":"sold-individually","11":"product-type-simple"},"acf":[],"_links":{"self":[{"href":"https:\/\/westgem.shop\/fr\/wp-json\/wp\/v2\/product\/5108","targetHints":{"allow":["GET"]}}],"collection":[{"href":"https:\/\/westgem.shop\/fr\/wp-json\/wp\/v2\/product"}],"about":[{"href":"https:\/\/westgem.shop\/fr\/wp-json\/wp\/v2\/types\/product"}],"wp:featuredmedia":[{"embeddable":true,"href":"https:\/\/westgem.shop\/fr\/wp-json\/wp\/v2\/media\/5109"}],"wp:attachment":[{"href":"https:\/\/westgem.shop\/fr\/wp-json\/wp\/v2\/media?parent=5108"}],"wp:term":[{"taxonomy":"region","embeddable":true,"href":"https:\/\/westgem.shop\/fr\/wp-json\/wp\/v2\/region?post=5108"},{"taxonomy":"product_brand","embeddable":true,"href":"https:\/\/westgem.shop\/fr\/wp-json\/wp\/v2\/product_brand?post=5108"},{"taxonomy":"product_cat","embeddable":true,"href":"https:\/\/westgem.shop\/fr\/wp-json\/wp\/v2\/product_cat?post=5108"},{"taxonomy":"product_tag","embeddable":true,"href":"https:\/\/westgem.shop\/fr\/wp-json\/wp\/v2\/product_tag?post=5108"}],"curies":[{"name":"wp","href":"https:\/\/api.w.org\/{rel}","templated":true}]}}