{"id":511,"date":"2000-02-22T00:00:00","date_gmt":"2000-02-22T00:00:00","guid":{"rendered":"https:\/\/miners.rocks\/product\/85\/"},"modified":"2020-05-19T16:55:36","modified_gmt":"2020-05-19T16:55:36","slug":"cristal-de-roche-de-madagascar-aa-avec-muscovite","status":"publish","type":"product","link":"https:\/\/westgem.shop\/fr\/produit\/cristal-de-roche-de-madagascar-aa-avec-muscovite\/","title":{"rendered":"Cristal de roche de Madagascar AA avec muscovite"},"content":{"rendered":"<p>Cristal de roche totalement clair et brillant avec des cristaux de muscovite enferm\u00e9s .<br \/>\nPi\u00e8ce unique taill\u00e9e \u00e0 la main.<\/p>\n<p>Poids : 163 g Dimensions : 8,5 x 6 x 3,5 cm<\/p>\n<p>La mati\u00e8re premi\u00e8re se trouve \u00e0 Madagascar<\/p>","protected":false},"excerpt":{"rendered":"<p>Cristal de roche totalement clair et brillant avec des cristaux de muscovite enferm\u00e9s. Pi\u00e8ce unique taill\u00e9e \u00e0 la main. Poids : 163 g Dimensions : 8.5 x 6 x 3,5 cm La mati\u00e8re premi\u00e8re a \u00e9t\u00e9 trouv\u00e9e \u00e0 Madagascar.<\/p>","protected":false},"featured_media":512,"template":"","meta":{"_acf_changed":false},"region":[],"product_brand":[],"product_cat":[15],"product_tag":[],"class_list":{"0":"post-511","1":"product","2":"type-product","3":"status-publish","4":"has-post-thumbnail","6":"product_cat-mineralien","8":"first","9":"outofstock","10":"sold-individually","11":"product-type-simple"},"acf":[],"_links":{"self":[{"href":"https:\/\/westgem.shop\/fr\/wp-json\/wp\/v2\/product\/511","targetHints":{"allow":["GET"]}}],"collection":[{"href":"https:\/\/westgem.shop\/fr\/wp-json\/wp\/v2\/product"}],"about":[{"href":"https:\/\/westgem.shop\/fr\/wp-json\/wp\/v2\/types\/product"}],"wp:featuredmedia":[{"embeddable":true,"href":"https:\/\/westgem.shop\/fr\/wp-json\/wp\/v2\/media\/512"}],"wp:attachment":[{"href":"https:\/\/westgem.shop\/fr\/wp-json\/wp\/v2\/media?parent=511"}],"wp:term":[{"taxonomy":"region","embeddable":true,"href":"https:\/\/westgem.shop\/fr\/wp-json\/wp\/v2\/region?post=511"},{"taxonomy":"product_brand","embeddable":true,"href":"https:\/\/westgem.shop\/fr\/wp-json\/wp\/v2\/product_brand?post=511"},{"taxonomy":"product_cat","embeddable":true,"href":"https:\/\/westgem.shop\/fr\/wp-json\/wp\/v2\/product_cat?post=511"},{"taxonomy":"product_tag","embeddable":true,"href":"https:\/\/westgem.shop\/fr\/wp-json\/wp\/v2\/product_tag?post=511"}],"curies":[{"name":"wp","href":"https:\/\/api.w.org\/{rel}","templated":true}]}}