{"id":5114,"date":"2002-06-26T00:00:00","date_gmt":"2002-06-26T00:00:00","guid":{"rendered":"https:\/\/miners.rocks\/product\/anhydrit-bleiberg\/"},"modified":"2020-05-19T17:03:38","modified_gmt":"2020-05-19T17:03:38","slug":"anhydrite-plomb","status":"publish","type":"product","link":"https:\/\/westgem.shop\/fr\/produit\/anhydrite-plomb\/","title":{"rendered":"ANHYDRITE - MONTAGNE DE PLOMB"},"content":{"rendered":"<p>L'ANHYDRITE = CaSO4 n'a \u00e9t\u00e9 trouv\u00e9e dans le vaste _r\u00e9gion mini\u00e8re de Bleiberg que dans les mines ANTONI et dans la mine RUDOLF.<\/p>\n<p>Les masses cristallines bleut\u00e9es \u00e9taient principalement des remplissages dans des cavit\u00e9s lisses de coquilles fossiles.<\/p>\n<p>Comme on peut le voir sur les derni\u00e8res photos, cette ANHYDRITE avec r\u00e9tro-\u00e9clairage est magnifiquement DIFFICILE.<\/p>\n<p>Poids : 870 g Dimensions : 19 x 11 x 3 cm<\/p>","protected":false},"excerpt":{"rendered":"<p>L'ANHYDRITE = CaSO4 n'a \u00e9t\u00e9 trouv\u00e9e dans le vaste bassin minier de Bleiberg que dans les mines ANTONI et RUDOLF. Les masses cristallines bleut\u00e9es \u00e9taient en premier lieu des remplissages dans des cavit\u00e9s lisses de coquilles fossiles. Comme on peut le voir sur les derni\u00e8res photos, cette ANHYDRITE est magnifiquement TRANSPARENTE avec un \u00e9clairage de fond. Poids : 870 g Dimensions : 19 x 11 x 3 [...]<\/p>","protected":false},"featured_media":5115,"template":"","meta":{"_acf_changed":false},"region":[],"product_brand":[],"product_cat":[15],"product_tag":[],"class_list":{"0":"post-5114","1":"product","2":"type-product","3":"status-publish","4":"has-post-thumbnail","6":"product_cat-mineralien","8":"first","9":"outofstock","10":"sold-individually","11":"product-type-simple"},"acf":[],"_links":{"self":[{"href":"https:\/\/westgem.shop\/fr\/wp-json\/wp\/v2\/product\/5114","targetHints":{"allow":["GET"]}}],"collection":[{"href":"https:\/\/westgem.shop\/fr\/wp-json\/wp\/v2\/product"}],"about":[{"href":"https:\/\/westgem.shop\/fr\/wp-json\/wp\/v2\/types\/product"}],"wp:featuredmedia":[{"embeddable":true,"href":"https:\/\/westgem.shop\/fr\/wp-json\/wp\/v2\/media\/5115"}],"wp:attachment":[{"href":"https:\/\/westgem.shop\/fr\/wp-json\/wp\/v2\/media?parent=5114"}],"wp:term":[{"taxonomy":"region","embeddable":true,"href":"https:\/\/westgem.shop\/fr\/wp-json\/wp\/v2\/region?post=5114"},{"taxonomy":"product_brand","embeddable":true,"href":"https:\/\/westgem.shop\/fr\/wp-json\/wp\/v2\/product_brand?post=5114"},{"taxonomy":"product_cat","embeddable":true,"href":"https:\/\/westgem.shop\/fr\/wp-json\/wp\/v2\/product_cat?post=5114"},{"taxonomy":"product_tag","embeddable":true,"href":"https:\/\/westgem.shop\/fr\/wp-json\/wp\/v2\/product_tag?post=5114"}],"curies":[{"name":"wp","href":"https:\/\/api.w.org\/{rel}","templated":true}]}}