{"id":5120,"date":"2002-06-27T00:00:00","date_gmt":"2002-06-27T00:00:00","guid":{"rendered":"https:\/\/miners.rocks\/product\/super-wulfenit-xx-slowenien\/"},"modified":"2020-05-19T17:03:39","modified_gmt":"2020-05-19T17:03:39","slug":"super-wulfenit-xx-slovenie","status":"publish","type":"product","link":"https:\/\/westgem.shop\/fr\/produit\/super-wulfenit-xx-slovenie\/","title":{"rendered":"Super WULFENIT xx - SLOV\u00c9NIE"},"content":{"rendered":"<p>MEZICA en R\u00e9p. SLOVENIE - avant 1918 Autriche , Nom allemand - Mie\u00df .., <u>est l'un des plus c\u00e9l\u00e8bres sites de WULFENIT de la<\/u> <u>monde.<\/u><\/p>\n<p>L'exploitation mini\u00e8re au pied des PETZEN de Carinthie et dans la vall\u00e9e de Mie\u00df dans les CARAWANKES \u00e9tait d\u00e9j\u00e0 mentionn\u00e9e par les Romains au 1er si\u00e8cle. Dans l'important gisement de BLEI et de ZINK, 800 KILOM\u00c8TRES de galeries ont \u00e9t\u00e9 creus\u00e9s au cours des 300 derni\u00e8res ann\u00e9es, d'une altitude de 2.000 m\u00e8tres \u00e0 600 m\u00e8tres. En raison de la poussi\u00e8re de la mine, des pluies de plomb se formaient r\u00e9guli\u00e8rement, ce qui a valu \u00e0 la vall\u00e9e de Mizica le nom de \"vall\u00e9e de la mort\".<\/p>\n<p>L'exploitation mini\u00e8re a \u00e9t\u00e9 ferm\u00e9e en 1987. Il ne reste plus qu'une mine de d\u00e9monstration.<\/p>\n<p>Cette extraordinaire STUFFE DE WULFENITE avec des cristaux brun orang\u00e9, plats et tabulaires, qui se sont d\u00e9velopp\u00e9s de mani\u00e8re confuse sur du calcaire de m\u00e9t\u00e9orite d\u00e9color\u00e9, est une superbe pi\u00e8ce justificative de cette c\u00e9l\u00e8bre mine.<\/p>\n<p>Poids : 262 g Dimensions : 11 x 9 x 4 cm<\/p>\n<p>E985<\/p>","protected":false},"excerpt":{"rendered":"<p>MEZICA en r\u00e9publique de SLOV\u00c9NIE - avant 1918 Autriche , nom allemand - Mie\u00df ., est l'un des sites de WULFENIT les plus c\u00e9l\u00e8bres au monde. L'exploitation mini\u00e8re au pied des PETZEN de Carinthie et de la vall\u00e9e de Mie\u00df dans les CARAWANKES \u00e9tait d\u00e9j\u00e0 mentionn\u00e9e par les Romains au 1er si\u00e8cle. Dans l'important gisement de BLEI et de ZINC, on [...]<\/p>","protected":false},"featured_media":5121,"template":"","meta":{"_acf_changed":false},"region":[],"product_brand":[],"product_cat":[15],"product_tag":[],"class_list":{"0":"post-5120","1":"product","2":"type-product","3":"status-publish","4":"has-post-thumbnail","6":"product_cat-mineralien","8":"first","9":"outofstock","10":"sold-individually","11":"product-type-simple"},"acf":[],"_links":{"self":[{"href":"https:\/\/westgem.shop\/fr\/wp-json\/wp\/v2\/product\/5120","targetHints":{"allow":["GET"]}}],"collection":[{"href":"https:\/\/westgem.shop\/fr\/wp-json\/wp\/v2\/product"}],"about":[{"href":"https:\/\/westgem.shop\/fr\/wp-json\/wp\/v2\/types\/product"}],"wp:featuredmedia":[{"embeddable":true,"href":"https:\/\/westgem.shop\/fr\/wp-json\/wp\/v2\/media\/5121"}],"wp:attachment":[{"href":"https:\/\/westgem.shop\/fr\/wp-json\/wp\/v2\/media?parent=5120"}],"wp:term":[{"taxonomy":"region","embeddable":true,"href":"https:\/\/westgem.shop\/fr\/wp-json\/wp\/v2\/region?post=5120"},{"taxonomy":"product_brand","embeddable":true,"href":"https:\/\/westgem.shop\/fr\/wp-json\/wp\/v2\/product_brand?post=5120"},{"taxonomy":"product_cat","embeddable":true,"href":"https:\/\/westgem.shop\/fr\/wp-json\/wp\/v2\/product_cat?post=5120"},{"taxonomy":"product_tag","embeddable":true,"href":"https:\/\/westgem.shop\/fr\/wp-json\/wp\/v2\/product_tag?post=5120"}],"curies":[{"name":"wp","href":"https:\/\/api.w.org\/{rel}","templated":true}]}}