{"id":5126,"date":"2002-06-28T00:00:00","date_gmt":"2002-06-28T00:00:00","guid":{"rendered":"https:\/\/miners.rocks\/product\/kanonenspat-calcit-bleiberg\/"},"modified":"2020-05-19T17:03:40","modified_gmt":"2020-05-19T17:03:40","slug":"canonspath-calcit-bleiberg","status":"publish","type":"product","link":"https:\/\/westgem.shop\/fr\/produit\/canonspath-calcit-bleiberg\/","title":{"rendered":"CALCITE DE CANON - MONTAGNE DE PLOMB"},"content":{"rendered":"<p>CALCIT xx Var. CANONSPAT                <u>R\u00c9SERV\u00c9 !<\/u><\/p>\n<p>Dans la r\u00e9gion de Bleiberg, la forme cristalline de la calcite \u00e9tait tr\u00e8s souvent une transition entre le scal\u00e9no\u00e8dre et le spath canonique.<\/p>\n<p>Cristaux clairs comme de l'eau avec des surfaces de d\u00e9limitation en forme de toit.<\/p>\n<p>Tr\u00e8s belle marche provenant d'une ancienne collection.<\/p>\n<p>La mine STEFANIE, 11e manche, couloir sud de la Saint-Jean, a \u00e9t\u00e9 d\u00e9couverte.<\/p>\n<p>Poids : 1.7 KILOGRAMME Dimensions : 21 x 9 x 10 cm<\/p>","protected":false},"excerpt":{"rendered":"<p>CALCIT xx Var. SPATE CANON RESERVE ! Dans la r\u00e9gion de Bleiberg, la forme des cristaux de CALCIT \u00e9tait tr\u00e8s souvent une transition entre le scal\u00e9no\u00e8dre et le spath canonique. Cristaux clairs comme de l'eau avec des surfaces de d\u00e9limitation en forme de toit. Tr\u00e8s beau niveau de la collection Alter. Trouv\u00e9 dans la mine STEFANIE, 11e manche, couloir sud de la Saint-Jean Poids : 1,7 KILOGRAMME Dimensions : 21 x 9 x 10 cm<\/p>","protected":false},"featured_media":5127,"template":"","meta":{"_acf_changed":false},"region":[],"product_brand":[],"product_cat":[15],"product_tag":[],"class_list":{"0":"post-5126","1":"product","2":"type-product","3":"status-publish","4":"has-post-thumbnail","6":"product_cat-mineralien","8":"first","9":"outofstock","10":"sold-individually","11":"product-type-simple"},"acf":[],"_links":{"self":[{"href":"https:\/\/westgem.shop\/fr\/wp-json\/wp\/v2\/product\/5126","targetHints":{"allow":["GET"]}}],"collection":[{"href":"https:\/\/westgem.shop\/fr\/wp-json\/wp\/v2\/product"}],"about":[{"href":"https:\/\/westgem.shop\/fr\/wp-json\/wp\/v2\/types\/product"}],"wp:featuredmedia":[{"embeddable":true,"href":"https:\/\/westgem.shop\/fr\/wp-json\/wp\/v2\/media\/5127"}],"wp:attachment":[{"href":"https:\/\/westgem.shop\/fr\/wp-json\/wp\/v2\/media?parent=5126"}],"wp:term":[{"taxonomy":"region","embeddable":true,"href":"https:\/\/westgem.shop\/fr\/wp-json\/wp\/v2\/region?post=5126"},{"taxonomy":"product_brand","embeddable":true,"href":"https:\/\/westgem.shop\/fr\/wp-json\/wp\/v2\/product_brand?post=5126"},{"taxonomy":"product_cat","embeddable":true,"href":"https:\/\/westgem.shop\/fr\/wp-json\/wp\/v2\/product_cat?post=5126"},{"taxonomy":"product_tag","embeddable":true,"href":"https:\/\/westgem.shop\/fr\/wp-json\/wp\/v2\/product_tag?post=5126"}],"curies":[{"name":"wp","href":"https:\/\/api.w.org\/{rel}","templated":true}]}}