{"id":5130,"date":"2002-06-29T00:00:00","date_gmt":"2002-06-29T00:00:00","guid":{"rendered":"https:\/\/miners.rocks\/product\/schwefel-sizilien\/"},"modified":"2020-05-19T17:03:41","modified_gmt":"2020-05-19T17:03:41","slug":"soufre-sicile","status":"publish","type":"product","link":"https:\/\/westgem.shop\/fr\/produit\/soufre-sicile\/","title":{"rendered":"SOUFRE - SICILE"},"content":{"rendered":"<p>Ces derni\u00e8res ann\u00e9es, on ne voit plus gu\u00e8re de beaux min\u00e9raux SCHWEFEL. Ceux de SICILE en particulier sont presque des \"raret\u00e9s\".<\/p>\n<p>Ces pi\u00e8ces proviennent de d\u00e9couvertes faites dans les ann\u00e9es 1970.<\/p>\n<p>\u00c9tape SCHWEFEL avec ARAGONITE xx<\/p>\n<p> de COZZADISI - AGRIGENT - SICILE<\/p>\n<p>Poids : 200 g Dimensions : 9 x 6 x 5 cm<\/p>\n<p>SICILE<\/p>","protected":false},"excerpt":{"rendered":"<p>Ces derni\u00e8res ann\u00e9es, on ne voit plus gu\u00e8re de beaux min\u00e9raux de SCHWEFEL. Ceux de SICILE en particulier sont presque des \"raret\u00e9s\". Ces pi\u00e8ces proviennent de d\u00e9couvertes faites dans les ann\u00e9es 1970. \u00c9tape de SCHWEFEL avec ARAGONITE xx de COZZADISI - AGRIGENT - SICILE Poids : 200 g Dimensions : 9 x 6 x 5 cm SICILE<\/p>","protected":false},"featured_media":5131,"template":"","meta":{"_acf_changed":false},"region":[],"product_brand":[],"product_cat":[15],"product_tag":[],"class_list":{"0":"post-5130","1":"product","2":"type-product","3":"status-publish","4":"has-post-thumbnail","6":"product_cat-mineralien","8":"first","9":"outofstock","10":"sold-individually","11":"product-type-simple"},"acf":[],"_links":{"self":[{"href":"https:\/\/westgem.shop\/fr\/wp-json\/wp\/v2\/product\/5130","targetHints":{"allow":["GET"]}}],"collection":[{"href":"https:\/\/westgem.shop\/fr\/wp-json\/wp\/v2\/product"}],"about":[{"href":"https:\/\/westgem.shop\/fr\/wp-json\/wp\/v2\/types\/product"}],"wp:featuredmedia":[{"embeddable":true,"href":"https:\/\/westgem.shop\/fr\/wp-json\/wp\/v2\/media\/5131"}],"wp:attachment":[{"href":"https:\/\/westgem.shop\/fr\/wp-json\/wp\/v2\/media?parent=5130"}],"wp:term":[{"taxonomy":"region","embeddable":true,"href":"https:\/\/westgem.shop\/fr\/wp-json\/wp\/v2\/region?post=5130"},{"taxonomy":"product_brand","embeddable":true,"href":"https:\/\/westgem.shop\/fr\/wp-json\/wp\/v2\/product_brand?post=5130"},{"taxonomy":"product_cat","embeddable":true,"href":"https:\/\/westgem.shop\/fr\/wp-json\/wp\/v2\/product_cat?post=5130"},{"taxonomy":"product_tag","embeddable":true,"href":"https:\/\/westgem.shop\/fr\/wp-json\/wp\/v2\/product_tag?post=5130"}],"curies":[{"name":"wp","href":"https:\/\/api.w.org\/{rel}","templated":true}]}}