{"id":5134,"date":"2002-06-30T00:00:00","date_gmt":"2002-06-30T00:00:00","guid":{"rendered":"https:\/\/miners.rocks\/product\/sphalerit-mit-germanium\/"},"modified":"2020-05-19T17:03:41","modified_gmt":"2020-05-19T17:03:41","slug":"sphalerite-avec-germanium","status":"publish","type":"product","link":"https:\/\/westgem.shop\/fr\/produit\/sphalerite-avec-germanium\/","title":{"rendered":"SPHALERIT avec GERMANIUM"},"content":{"rendered":"<p>Dans la BBU (Bleiberger Bergwerks Union) \u00e0 Arnoldstein, environ 5 tonnes de GERMANIUM par an ont \u00e9t\u00e9 extraites des diverses galeries de BLEIBERG au cours des 10 derni\u00e8res ann\u00e9es, jusqu'\u00e0 la fermeture en 1993, \u00e0 partir de la BILLE D'\u00c9TIN.<\/p>\n<p>Cette pi\u00e8ce (la SEULE que nous ayons) est une telle SPHALERITE avec du GERMANIUM.<\/p>\n<p>Poids : 172 g Dimensions : 6 x 4 x 4 cm<\/p>","protected":false},"excerpt":{"rendered":"<p>Dans la BBU (Bleiberger Bergwerks Union) \u00e0 Arnoldstein, environ 5 tonnes de germanium ont \u00e9t\u00e9 extraites chaque ann\u00e9e des diverses galeries de BLEIBERG au cours des 10 derni\u00e8res ann\u00e9es jusqu'\u00e0 la fermeture en 1993. Cette pi\u00e8ce (la SEULE que nous ayons) est une telle SPHALERITE avec du GERMANIUM. Poids : 172 g Dimensions : 6 [...]<\/p>","protected":false},"featured_media":5135,"template":"","meta":{"_acf_changed":false},"region":[],"product_brand":[],"product_cat":[15],"product_tag":[],"class_list":{"0":"post-5134","1":"product","2":"type-product","3":"status-publish","4":"has-post-thumbnail","6":"product_cat-mineralien","8":"first","9":"outofstock","10":"sold-individually","11":"product-type-simple"},"acf":[],"_links":{"self":[{"href":"https:\/\/westgem.shop\/fr\/wp-json\/wp\/v2\/product\/5134","targetHints":{"allow":["GET"]}}],"collection":[{"href":"https:\/\/westgem.shop\/fr\/wp-json\/wp\/v2\/product"}],"about":[{"href":"https:\/\/westgem.shop\/fr\/wp-json\/wp\/v2\/types\/product"}],"wp:featuredmedia":[{"embeddable":true,"href":"https:\/\/westgem.shop\/fr\/wp-json\/wp\/v2\/media\/5135"}],"wp:attachment":[{"href":"https:\/\/westgem.shop\/fr\/wp-json\/wp\/v2\/media?parent=5134"}],"wp:term":[{"taxonomy":"region","embeddable":true,"href":"https:\/\/westgem.shop\/fr\/wp-json\/wp\/v2\/region?post=5134"},{"taxonomy":"product_brand","embeddable":true,"href":"https:\/\/westgem.shop\/fr\/wp-json\/wp\/v2\/product_brand?post=5134"},{"taxonomy":"product_cat","embeddable":true,"href":"https:\/\/westgem.shop\/fr\/wp-json\/wp\/v2\/product_cat?post=5134"},{"taxonomy":"product_tag","embeddable":true,"href":"https:\/\/westgem.shop\/fr\/wp-json\/wp\/v2\/product_tag?post=5134"}],"curies":[{"name":"wp","href":"https:\/\/api.w.org\/{rel}","templated":true}]}}