{"id":5139,"date":"2002-07-01T00:00:00","date_gmt":"2002-07-01T00:00:00","guid":{"rendered":"https:\/\/miners.rocks\/product\/zeiringit-raritaet-2\/"},"modified":"2020-05-19T17:03:42","modified_gmt":"2020-05-19T17:03:42","slug":"zeiringit-raritaet-2","status":"publish","type":"product","link":"https:\/\/westgem.shop\/fr\/produit\/zeiringit-raritaet-2\/","title":{"rendered":"ZEIRINGITE - RARET\u00c9"},"content":{"rendered":"<p>TOP RARIT\u00c9 !  PRIX SP\u00c9CIAL COLLECTIONNEUR !<\/p>\n<p>ZEIRINGITE - une ARAGONITE color\u00e9e en bleu par l'aurichalcite.<\/p>\n<p>Formation de frittes \u00e0 proximit\u00e9 de gisements de cuivre avec diff\u00e9rentes nuances de bleu et des reflets soyeux.<\/p>\n<p>Cette pi\u00e8ce provient de l'ancienne mine d'argent d'OBERZEIRING - STEIERMARK. Logiquement, on y trouve aussi la TYPLOKALIT\u00c9.<\/p>\n<p>Les ZEIRINGITES sont d\u00e9j\u00e0 SUPER-SELECTIONN\u00c9ES et tr\u00e8s difficiles \u00e0 obtenir. Cette pi\u00e8ce provient d'une ancienne collection !<\/p>\n<p>Seule cette UNE pi\u00e8ce est disponible ! <\/p>\n<p>Poids : 715 g Dimensions : 17 x 12 x 6 cm<\/p>\n<p>En raison de sa raret\u00e9, ce prix est probablement trop bon march\u00e9. Qu'importe, un collectionneur sera ravi !<\/p>\n<p>La derni\u00e8re image montre l'arri\u00e8re.<\/p>","protected":false},"excerpt":{"rendered":"<p>TOP RARIT\u00c9 ! PRIX SP\u00c9CIAL COLLECTIONNEUR ! ZEIRINGITE - une aragonite color\u00e9e en bleu par l'aurichalcite. Formation fritt\u00e9e \u00e0 proximit\u00e9 de gisements de cuivre avec diff\u00e9rentes nuances de bleu et des reflets soyeux. Cette pi\u00e8ce provient de l'ancienne mine d'argent d'OBERZEIRING - STEIERMARK. Logiquement, c'est aussi ici que se trouve la TYPLOKALIT\u00c9. Les ZEIRINGITES sont d\u00e9j\u00e0 SUPER-SELECTIONN\u00c9ES et tr\u00e8s difficiles \u00e0 trouver. Cette pi\u00e8ce provient de [...]<\/p>","protected":false},"featured_media":5140,"template":"","meta":{"_acf_changed":false},"region":[],"product_brand":[],"product_cat":[15],"product_tag":[],"class_list":{"0":"post-5139","1":"product","2":"type-product","3":"status-publish","4":"has-post-thumbnail","6":"product_cat-mineralien","8":"first","9":"outofstock","10":"sold-individually","11":"product-type-simple"},"acf":[],"_links":{"self":[{"href":"https:\/\/westgem.shop\/fr\/wp-json\/wp\/v2\/product\/5139","targetHints":{"allow":["GET"]}}],"collection":[{"href":"https:\/\/westgem.shop\/fr\/wp-json\/wp\/v2\/product"}],"about":[{"href":"https:\/\/westgem.shop\/fr\/wp-json\/wp\/v2\/types\/product"}],"wp:featuredmedia":[{"embeddable":true,"href":"https:\/\/westgem.shop\/fr\/wp-json\/wp\/v2\/media\/5140"}],"wp:attachment":[{"href":"https:\/\/westgem.shop\/fr\/wp-json\/wp\/v2\/media?parent=5139"}],"wp:term":[{"taxonomy":"region","embeddable":true,"href":"https:\/\/westgem.shop\/fr\/wp-json\/wp\/v2\/region?post=5139"},{"taxonomy":"product_brand","embeddable":true,"href":"https:\/\/westgem.shop\/fr\/wp-json\/wp\/v2\/product_brand?post=5139"},{"taxonomy":"product_cat","embeddable":true,"href":"https:\/\/westgem.shop\/fr\/wp-json\/wp\/v2\/product_cat?post=5139"},{"taxonomy":"product_tag","embeddable":true,"href":"https:\/\/westgem.shop\/fr\/wp-json\/wp\/v2\/product_tag?post=5139"}],"curies":[{"name":"wp","href":"https:\/\/api.w.org\/{rel}","templated":true}]}}