{"id":514,"date":"2000-02-23T00:00:00","date_gmt":"2000-02-23T00:00:00","guid":{"rendered":"https:\/\/miners.rocks\/product\/88\/"},"modified":"2020-05-19T16:55:37","modified_gmt":"2020-05-19T16:55:37","slug":"muscovite-xx-verre-moscovite","status":"publish","type":"product","link":"https:\/\/westgem.shop\/fr\/produit\/muscovite-xx-verre-moscovite\/","title":{"rendered":"Muscovite xx \" Verre de Moscou"},"content":{"rendered":"<p>Grands cristaux plats et tabulaires tr\u00e8s minces dans la pegmatite.<\/p>\n<p>La muscovite est un min\u00e9ral courant dans les pegmatites des vieux cristaux de Carinthie de la Saualpe et de la Koralpe, mais on ne trouve pas tous les jours des muscovites aussi grandes.<\/p>\n<p>Lieu de d\u00e9couverte : Speickkogel -Carinthie orientale<\/p>\n<p>Poids : 490 g Dim:11 x 9 x 6 cm Cristal : 5 x 3,5 cm<\/p>","protected":false},"excerpt":{"rendered":"<p>De grands cristaux tr\u00e8s fins, plats et tabulaires dans la pegmatite. La muscovite est un min\u00e9ral fr\u00e9quent dans les pegmatites de l'ancienne cristalline de Carinthie de Saualpe et Koralpe, mais on ne trouve pas tous les jours des muscovites aussi grandes. Lieu de d\u00e9couverte : Speickkogel - Carinthie orientale Poids : 490 g Dim. : 11 x 9 x 6 cm Cristal : 5 x 3,5 cm<\/p>","protected":false},"featured_media":515,"template":"","meta":{"_acf_changed":false},"region":[],"product_brand":[],"product_cat":[15],"product_tag":[],"class_list":{"0":"post-514","1":"product","2":"type-product","3":"status-publish","4":"has-post-thumbnail","6":"product_cat-mineralien","8":"first","9":"outofstock","10":"sold-individually","11":"product-type-simple"},"acf":[],"_links":{"self":[{"href":"https:\/\/westgem.shop\/fr\/wp-json\/wp\/v2\/product\/514","targetHints":{"allow":["GET"]}}],"collection":[{"href":"https:\/\/westgem.shop\/fr\/wp-json\/wp\/v2\/product"}],"about":[{"href":"https:\/\/westgem.shop\/fr\/wp-json\/wp\/v2\/types\/product"}],"wp:featuredmedia":[{"embeddable":true,"href":"https:\/\/westgem.shop\/fr\/wp-json\/wp\/v2\/media\/515"}],"wp:attachment":[{"href":"https:\/\/westgem.shop\/fr\/wp-json\/wp\/v2\/media?parent=514"}],"wp:term":[{"taxonomy":"region","embeddable":true,"href":"https:\/\/westgem.shop\/fr\/wp-json\/wp\/v2\/region?post=514"},{"taxonomy":"product_brand","embeddable":true,"href":"https:\/\/westgem.shop\/fr\/wp-json\/wp\/v2\/product_brand?post=514"},{"taxonomy":"product_cat","embeddable":true,"href":"https:\/\/westgem.shop\/fr\/wp-json\/wp\/v2\/product_cat?post=514"},{"taxonomy":"product_tag","embeddable":true,"href":"https:\/\/westgem.shop\/fr\/wp-json\/wp\/v2\/product_tag?post=514"}],"curies":[{"name":"wp","href":"https:\/\/api.w.org\/{rel}","templated":true}]}}