{"id":5154,"date":"2002-07-03T00:00:00","date_gmt":"2002-07-03T00:00:00","guid":{"rendered":"https:\/\/miners.rocks\/product\/rhodochrosit-himbeerspat\/"},"modified":"2020-05-19T17:03:44","modified_gmt":"2020-05-19T17:03:44","slug":"rhodochrosite-spath-framboise","status":"publish","type":"product","link":"https:\/\/westgem.shop\/fr\/produit\/rhodochrosite-spath-framboise\/","title":{"rendered":"RHODOCHROSITE - SPATH FRAMBOISE"},"content":{"rendered":"<p>La RHODOCHROSITE - un MANGAN CARBONATE compte parmi les plus anciennes pierres pr\u00e9cieuses qui ont \u00e9t\u00e9 transform\u00e9es en bijoux dans le monde.<\/p>\n<p>Les couleurs id\u00e9ales peuvent donc \u00eatre d\u00e9crites par le synonyme \"HIMBERERSPAT\". Les qualit\u00e9s inf\u00e9rieures ne sont alors que des roses souffl\u00e9s.<\/p>\n<p>Les marches avec des cristaux parfaits et une couleur intense sont tr\u00e8s, tr\u00e8s ch\u00e8res.<\/p>\n<p>Cette pi\u00e8ce ne poss\u00e8de malheureusement pas de cristaux avec des faces terminales, mais elle est n\u00e9anmoins tr\u00e8s bien CRISTALLINE avec une couleur framboise intense.<\/p>\n<p>Trouv\u00e9 dans la mine d'Uchuccacua dans la prov. d'Oyan Dep. Lima - ANDEN - PERU<\/p>\n<p>Poids : 700 g Dimensions : 11 x 7,5 x 6 cm<\/p>\n<p>PRIX SP\u00c9CIAL !<\/p>","protected":false},"excerpt":{"rendered":"<p>La RHODOCHROSITE - un MANGAN CARBONATE compte parmi les plus anciennes pierres pr\u00e9cieuses qui ont \u00e9t\u00e9 transform\u00e9es en bijoux dans le monde. C'est pourquoi les couleurs id\u00e9ales peuvent \u00eatre d\u00e9crites par le synonyme \"SPAT DE FRAMBOISE\". Les qualit\u00e9s inf\u00e9rieures ne sont alors plus que du rose p\u00e2le. Les marches avec des cristaux parfaits et une couleur intense sont tr\u00e8s, tr\u00e8s ch\u00e8res. Cette pi\u00e8ce ne poss\u00e8de malheureusement pas de cristaux [...].<\/p>","protected":false},"featured_media":5155,"template":"","meta":{"_acf_changed":false},"region":[],"product_brand":[],"product_cat":[15],"product_tag":[],"class_list":{"0":"post-5154","1":"product","2":"type-product","3":"status-publish","4":"has-post-thumbnail","6":"product_cat-mineralien","8":"first","9":"outofstock","10":"sold-individually","11":"product-type-simple"},"acf":[],"_links":{"self":[{"href":"https:\/\/westgem.shop\/fr\/wp-json\/wp\/v2\/product\/5154","targetHints":{"allow":["GET"]}}],"collection":[{"href":"https:\/\/westgem.shop\/fr\/wp-json\/wp\/v2\/product"}],"about":[{"href":"https:\/\/westgem.shop\/fr\/wp-json\/wp\/v2\/types\/product"}],"wp:featuredmedia":[{"embeddable":true,"href":"https:\/\/westgem.shop\/fr\/wp-json\/wp\/v2\/media\/5155"}],"wp:attachment":[{"href":"https:\/\/westgem.shop\/fr\/wp-json\/wp\/v2\/media?parent=5154"}],"wp:term":[{"taxonomy":"region","embeddable":true,"href":"https:\/\/westgem.shop\/fr\/wp-json\/wp\/v2\/region?post=5154"},{"taxonomy":"product_brand","embeddable":true,"href":"https:\/\/westgem.shop\/fr\/wp-json\/wp\/v2\/product_brand?post=5154"},{"taxonomy":"product_cat","embeddable":true,"href":"https:\/\/westgem.shop\/fr\/wp-json\/wp\/v2\/product_cat?post=5154"},{"taxonomy":"product_tag","embeddable":true,"href":"https:\/\/westgem.shop\/fr\/wp-json\/wp\/v2\/product_tag?post=5154"}],"curies":[{"name":"wp","href":"https:\/\/api.w.org\/{rel}","templated":true}]}}