{"id":5159,"date":"2002-07-04T00:00:00","date_gmt":"2002-07-04T00:00:00","guid":{"rendered":"https:\/\/miners.rocks\/product\/bleiberger-wulfenit-xx\/"},"modified":"2020-05-19T17:03:44","modified_gmt":"2020-05-19T17:03:44","slug":"bleiberger-wulfenit-xx","status":"publish","type":"product","link":"https:\/\/westgem.shop\/fr\/produit\/bleiberger-wulfenit-xx\/","title":{"rendered":"Bleiberger WULFENIT xx"},"content":{"rendered":"<p>TOP MINERAL DE COLLECTION !<\/p>\n<p>Petite, mais FINE marche WULFENIT de la TYPLOCALIT\u00c9<\/p>\n<p>Beaux cristaux tabulaires de WULFENIT, non endommag\u00e9s, de couleur orange, ayant pouss\u00e9 de mani\u00e8re confuse sur du calcaire de Wetterstein.<\/p>\n<p>Mine STEFANIE, BLEIBERG - Carinthie<\/p>\n<p>Poids : 162 g Dimensions : 10 x 7 x 3 cm<\/p>\n<p>Le min\u00e9ral le plus c\u00e9l\u00e8bre d'Autriche et bien s\u00fbr de Carinthie n'est pour ainsi dire PLUS disponible nulle part \u00e0 un prix \u00e0 peu pr\u00e8s raisonnable !<\/p>\n<p>La derni\u00e8re image est la face inf\u00e9rieure.<\/p>","protected":false},"excerpt":{"rendered":"<p>MIN\u00c9RAL DE COLLECTION HAUT DE GAMME ! Petit, mais FIN, \u00e9chelon de WULFENIT de TYPLOCALIT\u00c9 De beaux cristaux de WULFENIT, intacts, de couleur orange, en forme de table, ayant pouss\u00e9 de mani\u00e8re confuse sur du calcaire de Wetterstein. Mine STEFANIE, BLEIBERG - Carinthie Poids : 162 g Dimensions : 10 x 7 x 3 cm Le min\u00e9ral le plus c\u00e9l\u00e8bre d'Autriche et bien s\u00fbr de Carinthie n'est pour ainsi dire plus disponible nulle part \u00e0 un prix [...].<\/p>","protected":false},"featured_media":5160,"template":"","meta":{"_acf_changed":false},"region":[],"product_brand":[],"product_cat":[15],"product_tag":[],"class_list":{"0":"post-5159","1":"product","2":"type-product","3":"status-publish","4":"has-post-thumbnail","6":"product_cat-mineralien","8":"first","9":"outofstock","10":"sold-individually","11":"product-type-simple"},"acf":[],"_links":{"self":[{"href":"https:\/\/westgem.shop\/fr\/wp-json\/wp\/v2\/product\/5159","targetHints":{"allow":["GET"]}}],"collection":[{"href":"https:\/\/westgem.shop\/fr\/wp-json\/wp\/v2\/product"}],"about":[{"href":"https:\/\/westgem.shop\/fr\/wp-json\/wp\/v2\/types\/product"}],"wp:featuredmedia":[{"embeddable":true,"href":"https:\/\/westgem.shop\/fr\/wp-json\/wp\/v2\/media\/5160"}],"wp:attachment":[{"href":"https:\/\/westgem.shop\/fr\/wp-json\/wp\/v2\/media?parent=5159"}],"wp:term":[{"taxonomy":"region","embeddable":true,"href":"https:\/\/westgem.shop\/fr\/wp-json\/wp\/v2\/region?post=5159"},{"taxonomy":"product_brand","embeddable":true,"href":"https:\/\/westgem.shop\/fr\/wp-json\/wp\/v2\/product_brand?post=5159"},{"taxonomy":"product_cat","embeddable":true,"href":"https:\/\/westgem.shop\/fr\/wp-json\/wp\/v2\/product_cat?post=5159"},{"taxonomy":"product_tag","embeddable":true,"href":"https:\/\/westgem.shop\/fr\/wp-json\/wp\/v2\/product_tag?post=5159"}],"curies":[{"name":"wp","href":"https:\/\/api.w.org\/{rel}","templated":true}]}}