{"id":516,"date":"2000-02-24T00:00:00","date_gmt":"2000-02-24T00:00:00","guid":{"rendered":"https:\/\/miners.rocks\/product\/89\/"},"modified":"2020-05-19T16:55:37","modified_gmt":"2020-05-19T16:55:37","slug":"phantom-quartz-fume-xx","status":"publish","type":"product","link":"https:\/\/westgem.shop\/fr\/produit\/phantom-quartz-fume-xx\/","title":{"rendered":"\" Phantom \" Quartz fum\u00e9 xx"},"content":{"rendered":"<p>\n\tGrand niveau de quartz fum\u00e9 avec de nombreux cristaux jusqu'\u00e0 4 cm de long avec des \" dessins fant\u00f4mes \" plus fonc\u00e9s dans les diff\u00e9rents individus cristallins.<\/p>\n<p>\n\tLes quartz fum\u00e9s sont des cristaux de roche dont la couleur sombre est due au rayonnement radioactif de la roche environnante.<\/p>\n<p>\n\tlocalisation de la trouvaille : Potosi - Bolivie<\/p>\n<p>\n\tPoids : 3,40 kilogrammes Dimensions : 24 x 17 x 11 cm<\/p>","protected":false},"excerpt":{"rendered":"<p>Grand niveau de quartz fum\u00e9 avec de nombreux cristaux d'une longueur allant jusqu'\u00e0 4 cm, avec des \"dessins fant\u00f4mes\" plus fonc\u00e9s dans les diff\u00e9rents individus cristallins. Les quartz fum\u00e9s sont des cristaux de roche dont la couleur sombre est due au rayonnement radioactif de la roche environnante. Lieu de d\u00e9couverte : Potosi - Bolivie Poids : 3,40 kilogrammes Dimensions : 24 x 17 x 11 cm<\/p>","protected":false},"featured_media":0,"template":"","meta":{"_acf_changed":false},"region":[],"product_brand":[],"product_cat":[15],"product_tag":[],"class_list":{"0":"post-516","1":"product","2":"type-product","3":"status-publish","5":"product_cat-mineralien","7":"first","8":"outofstock","9":"sold-individually","10":"product-type-simple"},"acf":[],"_links":{"self":[{"href":"https:\/\/westgem.shop\/fr\/wp-json\/wp\/v2\/product\/516","targetHints":{"allow":["GET"]}}],"collection":[{"href":"https:\/\/westgem.shop\/fr\/wp-json\/wp\/v2\/product"}],"about":[{"href":"https:\/\/westgem.shop\/fr\/wp-json\/wp\/v2\/types\/product"}],"wp:attachment":[{"href":"https:\/\/westgem.shop\/fr\/wp-json\/wp\/v2\/media?parent=516"}],"wp:term":[{"taxonomy":"region","embeddable":true,"href":"https:\/\/westgem.shop\/fr\/wp-json\/wp\/v2\/region?post=516"},{"taxonomy":"product_brand","embeddable":true,"href":"https:\/\/westgem.shop\/fr\/wp-json\/wp\/v2\/product_brand?post=516"},{"taxonomy":"product_cat","embeddable":true,"href":"https:\/\/westgem.shop\/fr\/wp-json\/wp\/v2\/product_cat?post=516"},{"taxonomy":"product_tag","embeddable":true,"href":"https:\/\/westgem.shop\/fr\/wp-json\/wp\/v2\/product_tag?post=516"}],"curies":[{"name":"wp","href":"https:\/\/api.w.org\/{rel}","templated":true}]}}