{"id":5165,"date":"2002-07-05T00:00:00","date_gmt":"2002-07-05T00:00:00","guid":{"rendered":"https:\/\/miners.rocks\/product\/blauer-fluorit-xx-hohe-tauern\/"},"modified":"2020-05-19T17:03:45","modified_gmt":"2020-05-19T17:03:45","slug":"fluorite-bleue-xx-haut-tauern","status":"publish","type":"product","link":"https:\/\/westgem.shop\/fr\/produit\/fluorite-bleue-xx-haut-tauern\/","title":{"rendered":"FLUORITE BLEUE xx - HAUTES RUPES"},"content":{"rendered":"<p>SUPERCOULE pour HOCHALPIN FLUORIT !<\/p>\n<p>Ancienne d\u00e9couverte d'un site connu de FLUORITE dans les HAUTES TAURES - SALZBOURG<\/p>\n<p>La majorit\u00e9 des FLUORITE \u00e9taient de couleur gris presque incolore, vert p\u00e2le ou violet.<\/p>\n<p> Ce tr\u00e8s beau petit niveau est d'un bleu \u00e9clatant et de telles couleurs n'ont \u00e9t\u00e9 que RAREMENT trouv\u00e9es \u00e0 cet endroit, au sommet du Wei\u00dfeck, \u00e0 2.711 m d'altitude !<\/p>\n<p>dimensions : 6,5 x 3,5 x 3,5 cm<\/p>","protected":false},"excerpt":{"rendered":"<p>SUPER COULEUR pour la FLUORITE DE HOCHALPIN ! Ancienne d\u00e9couverte d'un site connu de FLUORITE dans les HAUTES TAURES - SALZBOURG La plupart des FLUORITES \u00e9taient gris presque incolore, vert p\u00e2le et violet. Ce tr\u00e8s beau petit niveau est d'un bleu \u00e9clatant et de telles couleurs n'ont \u00e9t\u00e9 trouv\u00e9es que tr\u00e8s rarement sur ce site, au sommet du Wei\u00dfeck, \u00e0 2.711 m d'altitude.<\/p>","protected":false},"featured_media":5166,"template":"","meta":{"_acf_changed":false},"region":[],"product_brand":[],"product_cat":[15],"product_tag":[],"class_list":{"0":"post-5165","1":"product","2":"type-product","3":"status-publish","4":"has-post-thumbnail","6":"product_cat-mineralien","8":"first","9":"outofstock","10":"sold-individually","11":"product-type-simple"},"acf":[],"_links":{"self":[{"href":"https:\/\/westgem.shop\/fr\/wp-json\/wp\/v2\/product\/5165","targetHints":{"allow":["GET"]}}],"collection":[{"href":"https:\/\/westgem.shop\/fr\/wp-json\/wp\/v2\/product"}],"about":[{"href":"https:\/\/westgem.shop\/fr\/wp-json\/wp\/v2\/types\/product"}],"wp:featuredmedia":[{"embeddable":true,"href":"https:\/\/westgem.shop\/fr\/wp-json\/wp\/v2\/media\/5166"}],"wp:attachment":[{"href":"https:\/\/westgem.shop\/fr\/wp-json\/wp\/v2\/media?parent=5165"}],"wp:term":[{"taxonomy":"region","embeddable":true,"href":"https:\/\/westgem.shop\/fr\/wp-json\/wp\/v2\/region?post=5165"},{"taxonomy":"product_brand","embeddable":true,"href":"https:\/\/westgem.shop\/fr\/wp-json\/wp\/v2\/product_brand?post=5165"},{"taxonomy":"product_cat","embeddable":true,"href":"https:\/\/westgem.shop\/fr\/wp-json\/wp\/v2\/product_cat?post=5165"},{"taxonomy":"product_tag","embeddable":true,"href":"https:\/\/westgem.shop\/fr\/wp-json\/wp\/v2\/product_tag?post=5165"}],"curies":[{"name":"wp","href":"https:\/\/api.w.org\/{rel}","templated":true}]}}