{"id":517,"date":"2000-02-25T00:00:00","date_gmt":"2000-02-25T00:00:00","guid":{"rendered":"https:\/\/miners.rocks\/product\/90\/"},"modified":"2020-05-19T16:55:37","modified_gmt":"2020-05-19T16:55:37","slug":"malachite-de-premiere-qualite","status":"publish","type":"product","link":"https:\/\/westgem.shop\/fr\/produit\/malachite-de-premiere-qualite\/","title":{"rendered":"Malachite de premi\u00e8re classe, niveau sup\u00e9rieur"},"content":{"rendered":"<p>\n\tPointes Malachite xx <\/p>\n<p>\n\tFormations stalactites -<br \/>\n\tl'espace vide au milieu traverse toute la marche - couleur superbe , \u00e9clat du velours<\/p>\n<p>\n\tPoids : 3,8 Kg Dimensions : 20 x 17 x 14 cm<\/p>\n<p>\n\tlocalisation de la trouvaille : Mine du Prince L\u00e9opold - Katanga - Congo<\/p>","protected":false},"excerpt":{"rendered":"<p>Pointes Malachite xx Formations stalactites - la cavit\u00e9 au centre traverse toute la marche - couleur superbe , \u00e9clat velours Poids : 3,8 Kg Dimensions : 20 x 17 x 14 cm Lieu de d\u00e9couverte : Mine du Prince L\u00e9opold - Katanga - Congo<\/p>","protected":false},"featured_media":518,"template":"","meta":{"_acf_changed":false},"region":[],"product_brand":[],"product_cat":[15],"product_tag":[],"class_list":{"0":"post-517","1":"product","2":"type-product","3":"status-publish","4":"has-post-thumbnail","6":"product_cat-mineralien","8":"first","9":"outofstock","10":"sold-individually","11":"product-type-simple"},"acf":[],"_links":{"self":[{"href":"https:\/\/westgem.shop\/fr\/wp-json\/wp\/v2\/product\/517","targetHints":{"allow":["GET"]}}],"collection":[{"href":"https:\/\/westgem.shop\/fr\/wp-json\/wp\/v2\/product"}],"about":[{"href":"https:\/\/westgem.shop\/fr\/wp-json\/wp\/v2\/types\/product"}],"wp:featuredmedia":[{"embeddable":true,"href":"https:\/\/westgem.shop\/fr\/wp-json\/wp\/v2\/media\/518"}],"wp:attachment":[{"href":"https:\/\/westgem.shop\/fr\/wp-json\/wp\/v2\/media?parent=517"}],"wp:term":[{"taxonomy":"region","embeddable":true,"href":"https:\/\/westgem.shop\/fr\/wp-json\/wp\/v2\/region?post=517"},{"taxonomy":"product_brand","embeddable":true,"href":"https:\/\/westgem.shop\/fr\/wp-json\/wp\/v2\/product_brand?post=517"},{"taxonomy":"product_cat","embeddable":true,"href":"https:\/\/westgem.shop\/fr\/wp-json\/wp\/v2\/product_cat?post=517"},{"taxonomy":"product_tag","embeddable":true,"href":"https:\/\/westgem.shop\/fr\/wp-json\/wp\/v2\/product_tag?post=517"}],"curies":[{"name":"wp","href":"https:\/\/api.w.org\/{rel}","templated":true}]}}