{"id":5170,"date":"2002-07-06T00:00:00","date_gmt":"2002-07-06T00:00:00","guid":{"rendered":"https:\/\/miners.rocks\/product\/bergkristall-xx-gruene-turmaline-xx\/"},"modified":"2020-05-19T17:03:45","modified_gmt":"2020-05-19T17:03:45","slug":"cristal-de-roche-xx-tourmaline-verte-xx","status":"publish","type":"product","link":"https:\/\/westgem.shop\/fr\/produit\/cristal-de-roche-xx-tourmaline-verte-xx\/","title":{"rendered":"CRISTAL DE MONTAGNE xx - TURMALINE verte xx"},"content":{"rendered":"<p>Brillante CRISTALLE DE MONTAGNE avec ELBA\u00cfTE TURMALINE verte xx<\/p>\n<p>Petit niveau tr\u00e8s attractif avec un cristal de quartz clair de premi\u00e8re qualit\u00e9 et TURMALIN Var, VERDELITH<\/p>\n<p>Ancienne pi\u00e8ce de collection de Minas Gerais - Br\u00e9sil<\/p>\n<p>Poids : 140 g Dimensions : 9 x 7 x 4 cm<\/p>\n<p>PRIX SPECIAL !<\/p>","protected":false},"excerpt":{"rendered":"<p>Brillant CRISTAL DE MONTAGNE avec ELBA\u00cfTE verte TURMALINE xx Tr\u00e8s attractif petit niveau avec cristal de quartz clair de premi\u00e8re qualit\u00e9 et TURMALINE Var, VERDELITH Ancienne pi\u00e8ce de collection de Minas Gerais - Br\u00e9sil Poids : 140 g Dimensions : 9 x 7 x 4 cm PRIX SPECIAL !<\/p>","protected":false},"featured_media":5171,"template":"","meta":{"_acf_changed":false},"region":[],"product_brand":[],"product_cat":[15],"product_tag":[],"class_list":{"0":"post-5170","1":"product","2":"type-product","3":"status-publish","4":"has-post-thumbnail","6":"product_cat-mineralien","8":"first","9":"outofstock","10":"sold-individually","11":"product-type-simple"},"acf":[],"_links":{"self":[{"href":"https:\/\/westgem.shop\/fr\/wp-json\/wp\/v2\/product\/5170","targetHints":{"allow":["GET"]}}],"collection":[{"href":"https:\/\/westgem.shop\/fr\/wp-json\/wp\/v2\/product"}],"about":[{"href":"https:\/\/westgem.shop\/fr\/wp-json\/wp\/v2\/types\/product"}],"wp:featuredmedia":[{"embeddable":true,"href":"https:\/\/westgem.shop\/fr\/wp-json\/wp\/v2\/media\/5171"}],"wp:attachment":[{"href":"https:\/\/westgem.shop\/fr\/wp-json\/wp\/v2\/media?parent=5170"}],"wp:term":[{"taxonomy":"region","embeddable":true,"href":"https:\/\/westgem.shop\/fr\/wp-json\/wp\/v2\/region?post=5170"},{"taxonomy":"product_brand","embeddable":true,"href":"https:\/\/westgem.shop\/fr\/wp-json\/wp\/v2\/product_brand?post=5170"},{"taxonomy":"product_cat","embeddable":true,"href":"https:\/\/westgem.shop\/fr\/wp-json\/wp\/v2\/product_cat?post=5170"},{"taxonomy":"product_tag","embeddable":true,"href":"https:\/\/westgem.shop\/fr\/wp-json\/wp\/v2\/product_tag?post=5170"}],"curies":[{"name":"wp","href":"https:\/\/api.w.org\/{rel}","templated":true}]}}