{"id":5176,"date":"2002-07-07T00:00:00","date_gmt":"2002-07-07T00:00:00","guid":{"rendered":"https:\/\/miners.rocks\/product\/fluorit-xx-hohe-tauern-3\/"},"modified":"2020-05-19T17:03:46","modified_gmt":"2020-05-19T17:03:46","slug":"fluorite-xx-haut-tauern-3","status":"publish","type":"product","link":"https:\/\/westgem.shop\/fr\/produit\/fluorite-xx-haut-tauern-3\/","title":{"rendered":"FLUORITE xx - HAUTES RUPES"},"content":{"rendered":"<p>Tr\u00e8s belle marche en FLUORITE du Wei\u00dfeck (2.711m) - HOHE TAUERN - SALZBURG<\/p>\n<p>De beaux cubes avec une structure de couleur zon\u00e9e.<\/p>\n<p>Poids : 120 g Dimensions : 8 x 5 x 4 cm<\/p>","protected":false},"excerpt":{"rendered":"<p>Tr\u00e8s beau niveau en FLUORITE du Wei\u00dfeck (2.711m) - HOHE TAUERN - SALZBURG Beau cube avec une structure de couleur zon\u00e9e. Poids : 120 g Dimensions : 8 x 5 x 4 cm<\/p>","protected":false},"featured_media":5177,"template":"","meta":{"_acf_changed":false},"region":[],"product_brand":[],"product_cat":[15],"product_tag":[],"class_list":{"0":"post-5176","1":"product","2":"type-product","3":"status-publish","4":"has-post-thumbnail","6":"product_cat-mineralien","8":"first","9":"outofstock","10":"sold-individually","11":"product-type-simple"},"acf":[],"_links":{"self":[{"href":"https:\/\/westgem.shop\/fr\/wp-json\/wp\/v2\/product\/5176","targetHints":{"allow":["GET"]}}],"collection":[{"href":"https:\/\/westgem.shop\/fr\/wp-json\/wp\/v2\/product"}],"about":[{"href":"https:\/\/westgem.shop\/fr\/wp-json\/wp\/v2\/types\/product"}],"wp:featuredmedia":[{"embeddable":true,"href":"https:\/\/westgem.shop\/fr\/wp-json\/wp\/v2\/media\/5177"}],"wp:attachment":[{"href":"https:\/\/westgem.shop\/fr\/wp-json\/wp\/v2\/media?parent=5176"}],"wp:term":[{"taxonomy":"region","embeddable":true,"href":"https:\/\/westgem.shop\/fr\/wp-json\/wp\/v2\/region?post=5176"},{"taxonomy":"product_brand","embeddable":true,"href":"https:\/\/westgem.shop\/fr\/wp-json\/wp\/v2\/product_brand?post=5176"},{"taxonomy":"product_cat","embeddable":true,"href":"https:\/\/westgem.shop\/fr\/wp-json\/wp\/v2\/product_cat?post=5176"},{"taxonomy":"product_tag","embeddable":true,"href":"https:\/\/westgem.shop\/fr\/wp-json\/wp\/v2\/product_tag?post=5176"}],"curies":[{"name":"wp","href":"https:\/\/api.w.org\/{rel}","templated":true}]}}